{"id":5,"date":"2017-05-22T17:31:57","date_gmt":"2017-05-22T20:31:57","guid":{"rendered":"http:\/\/www.britannia.ind.br\/?page_id=5"},"modified":"2026-04-16T08:43:13","modified_gmt":"2026-04-16T11:43:13","slug":"produtos","status":"publish","type":"page","link":"https:\/\/britannia.ind.br\/es\/productos\/","title":{"rendered":"Productos"},"content":{"rendered":"<p><\/p>\n<h3>AV\u00cdOS TEXTILES PARA CONFECCI\u00d3N, MODA, CALZADO Y PERSONALIZADOS<\/h3>\n<p style=\"text-align: justify;\" data-start=\"1455\" data-end=\"1788\">Brit\u00e2nnia es fabricante de av\u00edos textiles para confecci\u00f3n, moda, calzado y personalizados. Atendemos a marcas, private labels, confeccionistas, mercer\u00edas y empresas que buscan acabado, identidad visual y valor percibido en el producto final, con soluciones desarrolladas para unir funcionalidad, estandarizaci\u00f3n y presencia est\u00e9tica.<\/p>\n<p style=\"text-align: justify;\" data-start=\"1790\" data-end=\"2106\">Nuestro portafolio incluye cintas r\u00edgidas, cintas de sat\u00e9n, cintas de grosgrain, cordones trenzados, flecos, pompones y otros complementos textiles para diferentes aplicaciones en moda femenina, moda infantil, lencer\u00eda, moda de playa, accesorios, calzado, decoraci\u00f3n, artesan\u00eda y proyectos personalizados.<\/p>\n<p><\/p>","protected":false},"excerpt":{"rendered":"<p>AV\u00cdOS TEXTILES PARA CONFECCI\u00d3N, MODA, CALZADO Y PERSONALIZADOS Brit\u00e2nnia es fabricante de av\u00edos textiles para confecci\u00f3n, moda, calzado y personalizados. Atendemos a marcas, private labels, confeccionistas, mercer\u00edas y empresas que buscan acabado, identidad visual y valor percibido en el producto final, con soluciones desarrolladas para unir funcionalidad, estandarizaci\u00f3n y presencia est\u00e9tica. Nuestro portafolio incluye cintas [&hellip;]<\/p>\n","protected":false},"author":2,"featured_media":25865,"parent":0,"menu_order":0,"comment_status":"closed","ping_status":"closed","template":"","meta":{"footnotes":""},"class_list":["post-5","page","type-page","status-publish","has-post-thumbnail","hentry"],"acf":[],"yoast_head":"<!-- This site is optimized with the Yoast SEO plugin v23.3 - https:\/\/yoast.com\/wordpress\/plugins\/seo\/ -->\n<title>Fabricante de Aviamentos T\u00eaxteis para Confec\u00e7\u00e3o | Brit\u00e2nnia<\/title>\n<meta name=\"description\" content=\"Fabricante de aviamentos t\u00eaxteis para confec\u00e7\u00e3o, moda, cal\u00e7ados e personalizados. Fitas r\u00edgidas, cord\u00f5es tran\u00e7ados, franjas e pompons da Brit\u00e2nnia.\" \/>\n<meta name=\"robots\" content=\"index, follow, max-snippet:-1, max-image-preview:large, max-video-preview:-1\" \/>\n<link rel=\"canonical\" href=\"https:\/\/britannia.ind.br\/en\/products\/\" \/>\n<meta property=\"og:locale\" content=\"es_ES\" \/>\n<meta property=\"og:type\" content=\"article\" \/>\n<meta property=\"og:title\" content=\"Produtos Britannia - Fitas, la\u00e7os, tress\u00eas, aplica\u00e7\u00f5es - detalhe \u00e9 essencial.\" \/>\n<meta property=\"og:description\" content=\"Os produtos Brit\u00e2nnia t\u00eam a marca do talento e o olhar de quem sabe que o detalhe \u00e9 essencial. Confira nosso cat\u00e1logo de fitas r\u00edgidas, fitas el\u00e1sticas, el\u00e1sticos de embutir, fitas de cetim, fitas de gorgur\u00e3o, fitas de organza, la\u00e7os, cord\u00f5es tran\u00e7ados (tran\u00e7as) e muito mais!\" \/>\n<meta property=\"og:url\" content=\"https:\/\/britannia.ind.br\/en\/products\/\" \/>\n<meta property=\"og:site_name\" content=\"Brit\u00e2nnia T\u00eaxtil\" \/>\n<meta property=\"article:publisher\" content=\"https:\/\/www.facebook.com\/britanniatextil\" \/>\n<meta property=\"article:modified_time\" content=\"2026-04-16T11:43:13+00:00\" \/>\n<meta property=\"og:image\" content=\"https:\/\/britannia.ind.br\/wp-content\/uploads\/2026\/04\/drapeado-fita-drapeada.jpg\" \/>\n\t<meta property=\"og:image:width\" content=\"1000\" \/>\n\t<meta property=\"og:image:height\" content=\"668\" \/>\n\t<meta property=\"og:image:type\" content=\"image\/jpeg\" \/>\n<meta name=\"twitter:card\" content=\"summary_large_image\" \/>\n<meta name=\"twitter:title\" content=\"Produtos Britannia - Fitas, la\u00e7os, tress\u00eas, aplica\u00e7\u00f5es - detalhe \u00e9 essencial.\" \/>\n<meta name=\"twitter:description\" content=\"Os produtos Brit\u00e2nnia t\u00eam a marca do talento e o olhar de quem sabe que o detalhe \u00e9 essencial. Confira nosso cat\u00e1logo de fitas r\u00edgidas, fitas el\u00e1sticas, el\u00e1sticos de embutir, fitas de cetim, fitas de gorgur\u00e3o, fitas de organza, la\u00e7os, cord\u00f5es tran\u00e7ados (tran\u00e7as) e muito mais!\" \/>\n<meta name=\"twitter:label1\" content=\"Tiempo de lectura\" \/>\n\t<meta name=\"twitter:data1\" content=\"1 minuto\" \/>\n<script type=\"application\/ld+json\" class=\"yoast-schema-graph\">{\"@context\":\"https:\/\/schema.org\",\"@graph\":[{\"@type\":\"WebPage\",\"@id\":\"https:\/\/britannia.ind.br\/en\/products\/\",\"url\":\"https:\/\/britannia.ind.br\/en\/products\/\",\"name\":\"Fabricante de Aviamentos T\u00eaxteis para Confec\u00e7\u00e3o | Brit\u00e2nnia\",\"isPartOf\":{\"@id\":\"https:\/\/britannia.ind.br\/#website\"},\"primaryImageOfPage\":{\"@id\":\"https:\/\/britannia.ind.br\/en\/products\/#primaryimage\"},\"image\":{\"@id\":\"https:\/\/britannia.ind.br\/en\/products\/#primaryimage\"},\"thumbnailUrl\":\"https:\/\/britannia.ind.br\/wp-content\/uploads\/2026\/04\/drapeado-fita-drapeada.jpg\",\"datePublished\":\"2017-05-22T20:31:57+00:00\",\"dateModified\":\"2026-04-16T11:43:13+00:00\",\"description\":\"Fabricante de aviamentos t\u00eaxteis para confec\u00e7\u00e3o, moda, cal\u00e7ados e personalizados. Fitas r\u00edgidas, cord\u00f5es tran\u00e7ados, franjas e pompons da Brit\u00e2nnia.\",\"breadcrumb\":{\"@id\":\"https:\/\/britannia.ind.br\/en\/products\/#breadcrumb\"},\"inLanguage\":\"es\",\"potentialAction\":[{\"@type\":\"ReadAction\",\"target\":[\"https:\/\/britannia.ind.br\/en\/products\/\"]}]},{\"@type\":\"ImageObject\",\"inLanguage\":\"es\",\"@id\":\"https:\/\/britannia.ind.br\/en\/products\/#primaryimage\",\"url\":\"https:\/\/britannia.ind.br\/wp-content\/uploads\/2026\/04\/drapeado-fita-drapeada.jpg\",\"contentUrl\":\"https:\/\/britannia.ind.br\/wp-content\/uploads\/2026\/04\/drapeado-fita-drapeada.jpg\",\"width\":1000,\"height\":668},{\"@type\":\"BreadcrumbList\",\"@id\":\"https:\/\/britannia.ind.br\/en\/products\/#breadcrumb\",\"itemListElement\":[{\"@type\":\"ListItem\",\"position\":1,\"name\":\"Home\",\"item\":\"https:\/\/britannia.ind.br\/\"},{\"@type\":\"ListItem\",\"position\":2,\"name\":\"Products\"}]},{\"@type\":\"WebSite\",\"@id\":\"https:\/\/britannia.ind.br\/#website\",\"url\":\"https:\/\/britannia.ind.br\/\",\"name\":\"Brit\u00e2nnia T\u00eaxtil\",\"description\":\"\",\"publisher\":{\"@id\":\"https:\/\/britannia.ind.br\/#organization\"},\"potentialAction\":[{\"@type\":\"SearchAction\",\"target\":{\"@type\":\"EntryPoint\",\"urlTemplate\":\"https:\/\/britannia.ind.br\/?s={search_term_string}\"},\"query-input\":\"required name=search_term_string\"}],\"inLanguage\":\"es\"},{\"@type\":\"Organization\",\"@id\":\"https:\/\/britannia.ind.br\/#organization\",\"name\":\"Britannia T\u00eaxtil\",\"url\":\"https:\/\/britannia.ind.br\/\",\"logo\":{\"@type\":\"ImageObject\",\"inLanguage\":\"es\",\"@id\":\"https:\/\/britannia.ind.br\/#\/schema\/logo\/image\/\",\"url\":\"https:\/\/britannia.ind.br\/wp-content\/uploads\/2023\/12\/Logo-Britannia-Textil-Fundo-Azul.jpg\",\"contentUrl\":\"https:\/\/britannia.ind.br\/wp-content\/uploads\/2023\/12\/Logo-Britannia-Textil-Fundo-Azul.jpg\",\"width\":1170,\"height\":637,\"caption\":\"Britannia T\u00eaxtil\"},\"image\":{\"@id\":\"https:\/\/britannia.ind.br\/#\/schema\/logo\/image\/\"},\"sameAs\":[\"https:\/\/www.facebook.com\/britanniatextil\",\"https:\/\/www.instagram.com\/britannia_textil\"]}]}<\/script>\n<!-- \/ Yoast SEO plugin. -->","yoast_head_json":{"title":"Fabricante de Aviamentos T\u00eaxteis para Confec\u00e7\u00e3o | Brit\u00e2nnia","description":"Fabricante de aviamentos t\u00eaxteis para confec\u00e7\u00e3o, moda, cal\u00e7ados e personalizados. Fitas r\u00edgidas, cord\u00f5es tran\u00e7ados, franjas e pompons da Brit\u00e2nnia.","robots":{"index":"index","follow":"follow","max-snippet":"max-snippet:-1","max-image-preview":"max-image-preview:large","max-video-preview":"max-video-preview:-1"},"canonical":"https:\/\/britannia.ind.br\/en\/products\/","og_locale":"es_ES","og_type":"article","og_title":"Produtos Britannia - Fitas, la\u00e7os, tress\u00eas, aplica\u00e7\u00f5es - detalhe \u00e9 essencial.","og_description":"Os produtos Brit\u00e2nnia t\u00eam a marca do talento e o olhar de quem sabe que o detalhe \u00e9 essencial. Confira nosso cat\u00e1logo de fitas r\u00edgidas, fitas el\u00e1sticas, el\u00e1sticos de embutir, fitas de cetim, fitas de gorgur\u00e3o, fitas de organza, la\u00e7os, cord\u00f5es tran\u00e7ados (tran\u00e7as) e muito mais!","og_url":"https:\/\/britannia.ind.br\/en\/products\/","og_site_name":"Brit\u00e2nnia T\u00eaxtil","article_publisher":"https:\/\/www.facebook.com\/britanniatextil","article_modified_time":"2026-04-16T11:43:13+00:00","og_image":[{"width":1000,"height":668,"url":"https:\/\/britannia.ind.br\/wp-content\/uploads\/2026\/04\/drapeado-fita-drapeada.jpg","type":"image\/jpeg"}],"twitter_card":"summary_large_image","twitter_title":"Produtos Britannia - Fitas, la\u00e7os, tress\u00eas, aplica\u00e7\u00f5es - detalhe \u00e9 essencial.","twitter_description":"Os produtos Brit\u00e2nnia t\u00eam a marca do talento e o olhar de quem sabe que o detalhe \u00e9 essencial. Confira nosso cat\u00e1logo de fitas r\u00edgidas, fitas el\u00e1sticas, el\u00e1sticos de embutir, fitas de cetim, fitas de gorgur\u00e3o, fitas de organza, la\u00e7os, cord\u00f5es tran\u00e7ados (tran\u00e7as) e muito mais!","twitter_misc":{"Tiempo de lectura":"1 minuto"},"schema":{"@context":"https:\/\/schema.org","@graph":[{"@type":"WebPage","@id":"https:\/\/britannia.ind.br\/en\/products\/","url":"https:\/\/britannia.ind.br\/en\/products\/","name":"Fabricante de Aviamentos T\u00eaxteis para Confec\u00e7\u00e3o | Brit\u00e2nnia","isPartOf":{"@id":"https:\/\/britannia.ind.br\/#website"},"primaryImageOfPage":{"@id":"https:\/\/britannia.ind.br\/en\/products\/#primaryimage"},"image":{"@id":"https:\/\/britannia.ind.br\/en\/products\/#primaryimage"},"thumbnailUrl":"https:\/\/britannia.ind.br\/wp-content\/uploads\/2026\/04\/drapeado-fita-drapeada.jpg","datePublished":"2017-05-22T20:31:57+00:00","dateModified":"2026-04-16T11:43:13+00:00","description":"Fabricante de aviamentos t\u00eaxteis para confec\u00e7\u00e3o, moda, cal\u00e7ados e personalizados. Fitas r\u00edgidas, cord\u00f5es tran\u00e7ados, franjas e pompons da Brit\u00e2nnia.","breadcrumb":{"@id":"https:\/\/britannia.ind.br\/en\/products\/#breadcrumb"},"inLanguage":"es","potentialAction":[{"@type":"ReadAction","target":["https:\/\/britannia.ind.br\/en\/products\/"]}]},{"@type":"ImageObject","inLanguage":"es","@id":"https:\/\/britannia.ind.br\/en\/products\/#primaryimage","url":"https:\/\/britannia.ind.br\/wp-content\/uploads\/2026\/04\/drapeado-fita-drapeada.jpg","contentUrl":"https:\/\/britannia.ind.br\/wp-content\/uploads\/2026\/04\/drapeado-fita-drapeada.jpg","width":1000,"height":668},{"@type":"BreadcrumbList","@id":"https:\/\/britannia.ind.br\/en\/products\/#breadcrumb","itemListElement":[{"@type":"ListItem","position":1,"name":"Home","item":"https:\/\/britannia.ind.br\/"},{"@type":"ListItem","position":2,"name":"Products"}]},{"@type":"WebSite","@id":"https:\/\/britannia.ind.br\/#website","url":"https:\/\/britannia.ind.br\/","name":"Brit\u00e2nnia T\u00eaxtil","description":"","publisher":{"@id":"https:\/\/britannia.ind.br\/#organization"},"potentialAction":[{"@type":"SearchAction","target":{"@type":"EntryPoint","urlTemplate":"https:\/\/britannia.ind.br\/?s={search_term_string}"},"query-input":"required name=search_term_string"}],"inLanguage":"es"},{"@type":"Organization","@id":"https:\/\/britannia.ind.br\/#organization","name":"Britannia T\u00eaxtil","url":"https:\/\/britannia.ind.br\/","logo":{"@type":"ImageObject","inLanguage":"es","@id":"https:\/\/britannia.ind.br\/#\/schema\/logo\/image\/","url":"https:\/\/britannia.ind.br\/wp-content\/uploads\/2023\/12\/Logo-Britannia-Textil-Fundo-Azul.jpg","contentUrl":"https:\/\/britannia.ind.br\/wp-content\/uploads\/2023\/12\/Logo-Britannia-Textil-Fundo-Azul.jpg","width":1170,"height":637,"caption":"Britannia T\u00eaxtil"},"image":{"@id":"https:\/\/britannia.ind.br\/#\/schema\/logo\/image\/"},"sameAs":["https:\/\/www.facebook.com\/britanniatextil","https:\/\/www.instagram.com\/britannia_textil"]}]}},"_links":{"self":[{"href":"https:\/\/britannia.ind.br\/es\/wp-json\/wp\/v2\/pages\/5","targetHints":{"allow":["GET"]}}],"collection":[{"href":"https:\/\/britannia.ind.br\/es\/wp-json\/wp\/v2\/pages"}],"about":[{"href":"https:\/\/britannia.ind.br\/es\/wp-json\/wp\/v2\/types\/page"}],"author":[{"embeddable":true,"href":"https:\/\/britannia.ind.br\/es\/wp-json\/wp\/v2\/users\/2"}],"replies":[{"embeddable":true,"href":"https:\/\/britannia.ind.br\/es\/wp-json\/wp\/v2\/comments?post=5"}],"version-history":[{"count":35,"href":"https:\/\/britannia.ind.br\/es\/wp-json\/wp\/v2\/pages\/5\/revisions"}],"predecessor-version":[{"id":25908,"href":"https:\/\/britannia.ind.br\/es\/wp-json\/wp\/v2\/pages\/5\/revisions\/25908"}],"wp:featuredmedia":[{"embeddable":true,"href":"https:\/\/britannia.ind.br\/es\/wp-json\/wp\/v2\/media\/25865"}],"wp:attachment":[{"href":"https:\/\/britannia.ind.br\/es\/wp-json\/wp\/v2\/media?parent=5"}],"curies":[{"name":"wp","href":"https:\/\/api.w.org\/{rel}","templated":true}]}}