{"id":25909,"date":"2026-04-16T09:18:45","date_gmt":"2026-04-16T12:18:45","guid":{"rendered":"https:\/\/britannia.ind.br\/?page_id=25909"},"modified":"2026-04-16T11:00:40","modified_gmt":"2026-04-16T14:00:40","slug":"fita-xadrez","status":"publish","type":"page","link":"https:\/\/britannia.ind.br\/es\/productos\/cinta-a-cuadros\/","title":{"rendered":"Cinta a Cuadros"},"content":{"rendered":"<p><\/p>\n<h3>CINTA A CUADROS PARA CONFECCI\u00d3N, MERCER\u00cdAS, CALZADO, MODA PLAYA, ARTESAN\u00cdA Y COLECCIONES ESTACIONALES<\/h3>\n<p data-start=\"1407\" data-end=\"1730\">Brit\u00e2nnia es <strong data-start=\"1420\" data-end=\"1453\">fabricante de cinta a cuadros<\/strong> para aplicaciones en confecci\u00f3n, mercer\u00edas, calzado, moda playa, artesan\u00eda, personalizados y l\u00edneas estacionales. Es un accesorio textil vers\u00e1til, con gran atractivo visual, ideal para quienes buscan mejor acabado, estandarizaci\u00f3n y mayor valor percibido en el producto final.<\/p>\n<p data-start=\"1732\" data-end=\"1989\">La cinta a cuadros puede aplicarse en mo\u00f1os, ropa infantil, detalles para confecci\u00f3n, accesorios, calzado, prendas de moda playa, empaques y proyectos artesanales. Su dise\u00f1o cl\u00e1sico ayuda a crear productos m\u00e1s atractivos, creativos y visualmente llamativos.<\/p>\n<p data-start=\"1991\" data-end=\"2204\">Tambi\u00e9n se utiliza ampliamente en colecciones y proyectos para <strong data-start=\"2054\" data-end=\"2088\">Fiesta Junina, Navidad, Pascua<\/strong> y otras fechas estacionales, adem\u00e1s de tener muy buena salida en mercer\u00edas y l\u00edneas dirigidas al comercio creativo.<\/p>\n<p data-start=\"2206\" data-end=\"2429\">En Brit\u00e2nnia, fabricamos <strong data-start=\"2231\" data-end=\"2263\">cinta a cuadros al por mayor<\/strong> con enfoque en calidad, estandarizaci\u00f3n y versatilidad de uso, atendiendo a empresas que buscan un accesorio textil con aplicaci\u00f3n comercial en diferentes segmentos.<\/p>\n<p><\/p>","protected":false},"excerpt":{"rendered":"<p>CINTA A CUADROS PARA CONFECCI\u00d3N, MERCER\u00cdAS, CALZADO, MODA PLAYA, ARTESAN\u00cdA Y COLECCIONES ESTACIONALES Brit\u00e2nnia es fabricante de cinta a cuadros para aplicaciones en confecci\u00f3n, mercer\u00edas, calzado, moda playa, artesan\u00eda, personalizados y l\u00edneas estacionales. Es un accesorio textil vers\u00e1til, con gran atractivo visual, ideal para quienes buscan mejor acabado, estandarizaci\u00f3n y mayor valor percibido en el [&hellip;]<\/p>\n","protected":false},"author":5,"featured_media":25917,"parent":5,"menu_order":0,"comment_status":"closed","ping_status":"closed","template":"template-portfolio.php","meta":{"footnotes":""},"class_list":["post-25909","page","type-page","status-publish","has-post-thumbnail","hentry"],"acf":[],"yoast_head":"<!-- This site is optimized with the Yoast SEO plugin v23.3 - https:\/\/yoast.com\/wordpress\/plugins\/seo\/ -->\n<title>Fita Xadrez para Confec\u00e7\u00e3o, Armarinhos e Cal\u00e7ados | Brit\u00e2nnia<\/title>\n<meta name=\"description\" content=\"A Brit\u00e2nnia \u00e9 fabricante de fita xadrez para confec\u00e7\u00e3o, armarinhos, cal\u00e7ados, moda praia, artesanato e datas sazonais.\" \/>\n<meta name=\"robots\" content=\"index, follow, max-snippet:-1, max-image-preview:large, max-video-preview:-1\" \/>\n<link rel=\"canonical\" href=\"https:\/\/britannia.ind.br\/produtos\/fita-xadrez\/\" \/>\n<meta property=\"og:locale\" content=\"es_ES\" \/>\n<meta property=\"og:type\" content=\"article\" \/>\n<meta property=\"og:title\" content=\"Fita Xadrez para Confec\u00e7\u00e3o, Armarinhos e Cal\u00e7ados | Brit\u00e2nnia\" \/>\n<meta property=\"og:description\" content=\"A Brit\u00e2nnia \u00e9 fabricante de fita xadrez para confec\u00e7\u00e3o, armarinhos, cal\u00e7ados, moda praia, artesanato e datas sazonais.\" \/>\n<meta property=\"og:url\" content=\"https:\/\/britannia.ind.br\/produtos\/fita-xadrez\/\" \/>\n<meta property=\"og:site_name\" content=\"Brit\u00e2nnia T\u00eaxtil\" \/>\n<meta property=\"article:publisher\" content=\"https:\/\/www.facebook.com\/britanniatextil\" \/>\n<meta property=\"article:modified_time\" content=\"2026-04-16T14:00:40+00:00\" \/>\n<meta property=\"og:image\" content=\"https:\/\/britannia.ind.br\/wp-content\/uploads\/2026\/04\/FITA-XADREZ-BRITANNIA-TEXTIL.jpg\" \/>\n\t<meta property=\"og:image:width\" content=\"1000\" \/>\n\t<meta property=\"og:image:height\" content=\"667\" \/>\n\t<meta property=\"og:image:type\" content=\"image\/jpeg\" \/>\n<meta name=\"twitter:card\" content=\"summary_large_image\" \/>\n<meta name=\"twitter:label1\" content=\"Tiempo de lectura\" \/>\n\t<meta name=\"twitter:data1\" content=\"2 minutos\" \/>\n<script type=\"application\/ld+json\" class=\"yoast-schema-graph\">{\"@context\":\"https:\/\/schema.org\",\"@graph\":[{\"@type\":\"WebPage\",\"@id\":\"https:\/\/britannia.ind.br\/produtos\/fita-xadrez\/\",\"url\":\"https:\/\/britannia.ind.br\/produtos\/fita-xadrez\/\",\"name\":\"Fita Xadrez para Confec\u00e7\u00e3o, Armarinhos e Cal\u00e7ados | Brit\u00e2nnia\",\"isPartOf\":{\"@id\":\"https:\/\/britannia.ind.br\/#website\"},\"primaryImageOfPage\":{\"@id\":\"https:\/\/britannia.ind.br\/produtos\/fita-xadrez\/#primaryimage\"},\"image\":{\"@id\":\"https:\/\/britannia.ind.br\/produtos\/fita-xadrez\/#primaryimage\"},\"thumbnailUrl\":\"https:\/\/britannia.ind.br\/wp-content\/uploads\/2026\/04\/FITA-XADREZ-BRITANNIA-TEXTIL.jpg\",\"datePublished\":\"2026-04-16T12:18:45+00:00\",\"dateModified\":\"2026-04-16T14:00:40+00:00\",\"description\":\"A Brit\u00e2nnia \u00e9 fabricante de fita xadrez para confec\u00e7\u00e3o, armarinhos, cal\u00e7ados, moda praia, artesanato e datas sazonais.\",\"breadcrumb\":{\"@id\":\"https:\/\/britannia.ind.br\/produtos\/fita-xadrez\/#breadcrumb\"},\"inLanguage\":\"es\",\"potentialAction\":[{\"@type\":\"ReadAction\",\"target\":[\"https:\/\/britannia.ind.br\/produtos\/fita-xadrez\/\"]}]},{\"@type\":\"ImageObject\",\"inLanguage\":\"es\",\"@id\":\"https:\/\/britannia.ind.br\/produtos\/fita-xadrez\/#primaryimage\",\"url\":\"https:\/\/britannia.ind.br\/wp-content\/uploads\/2026\/04\/FITA-XADREZ-BRITANNIA-TEXTIL.jpg\",\"contentUrl\":\"https:\/\/britannia.ind.br\/wp-content\/uploads\/2026\/04\/FITA-XADREZ-BRITANNIA-TEXTIL.jpg\",\"width\":1000,\"height\":667},{\"@type\":\"BreadcrumbList\",\"@id\":\"https:\/\/britannia.ind.br\/produtos\/fita-xadrez\/#breadcrumb\",\"itemListElement\":[{\"@type\":\"ListItem\",\"position\":1,\"name\":\"Home\",\"item\":\"https:\/\/britannia.ind.br\/\"},{\"@type\":\"ListItem\",\"position\":2,\"name\":\"Products\",\"item\":\"https:\/\/britannia.ind.br\/en\/products\/\"},{\"@type\":\"ListItem\",\"position\":3,\"name\":\"Fita Xadrez\"}]},{\"@type\":\"WebSite\",\"@id\":\"https:\/\/britannia.ind.br\/#website\",\"url\":\"https:\/\/britannia.ind.br\/\",\"name\":\"Brit\u00e2nnia T\u00eaxtil\",\"description\":\"\",\"publisher\":{\"@id\":\"https:\/\/britannia.ind.br\/#organization\"},\"potentialAction\":[{\"@type\":\"SearchAction\",\"target\":{\"@type\":\"EntryPoint\",\"urlTemplate\":\"https:\/\/britannia.ind.br\/?s={search_term_string}\"},\"query-input\":\"required name=search_term_string\"}],\"inLanguage\":\"es\"},{\"@type\":\"Organization\",\"@id\":\"https:\/\/britannia.ind.br\/#organization\",\"name\":\"Britannia T\u00eaxtil\",\"url\":\"https:\/\/britannia.ind.br\/\",\"logo\":{\"@type\":\"ImageObject\",\"inLanguage\":\"es\",\"@id\":\"https:\/\/britannia.ind.br\/#\/schema\/logo\/image\/\",\"url\":\"https:\/\/britannia.ind.br\/wp-content\/uploads\/2023\/12\/Logo-Britannia-Textil-Fundo-Azul.jpg\",\"contentUrl\":\"https:\/\/britannia.ind.br\/wp-content\/uploads\/2023\/12\/Logo-Britannia-Textil-Fundo-Azul.jpg\",\"width\":1170,\"height\":637,\"caption\":\"Britannia T\u00eaxtil\"},\"image\":{\"@id\":\"https:\/\/britannia.ind.br\/#\/schema\/logo\/image\/\"},\"sameAs\":[\"https:\/\/www.facebook.com\/britanniatextil\",\"https:\/\/www.instagram.com\/britannia_textil\"]}]}<\/script>\n<!-- \/ Yoast SEO plugin. -->","yoast_head_json":{"title":"Fita Xadrez para Confec\u00e7\u00e3o, Armarinhos e Cal\u00e7ados | Brit\u00e2nnia","description":"A Brit\u00e2nnia \u00e9 fabricante de fita xadrez para confec\u00e7\u00e3o, armarinhos, cal\u00e7ados, moda praia, artesanato e datas sazonais.","robots":{"index":"index","follow":"follow","max-snippet":"max-snippet:-1","max-image-preview":"max-image-preview:large","max-video-preview":"max-video-preview:-1"},"canonical":"https:\/\/britannia.ind.br\/produtos\/fita-xadrez\/","og_locale":"es_ES","og_type":"article","og_title":"Fita Xadrez para Confec\u00e7\u00e3o, Armarinhos e Cal\u00e7ados | Brit\u00e2nnia","og_description":"A Brit\u00e2nnia \u00e9 fabricante de fita xadrez para confec\u00e7\u00e3o, armarinhos, cal\u00e7ados, moda praia, artesanato e datas sazonais.","og_url":"https:\/\/britannia.ind.br\/produtos\/fita-xadrez\/","og_site_name":"Brit\u00e2nnia T\u00eaxtil","article_publisher":"https:\/\/www.facebook.com\/britanniatextil","article_modified_time":"2026-04-16T14:00:40+00:00","og_image":[{"width":1000,"height":667,"url":"https:\/\/britannia.ind.br\/wp-content\/uploads\/2026\/04\/FITA-XADREZ-BRITANNIA-TEXTIL.jpg","type":"image\/jpeg"}],"twitter_card":"summary_large_image","twitter_misc":{"Tiempo de lectura":"2 minutos"},"schema":{"@context":"https:\/\/schema.org","@graph":[{"@type":"WebPage","@id":"https:\/\/britannia.ind.br\/produtos\/fita-xadrez\/","url":"https:\/\/britannia.ind.br\/produtos\/fita-xadrez\/","name":"Fita Xadrez para Confec\u00e7\u00e3o, Armarinhos e Cal\u00e7ados | Brit\u00e2nnia","isPartOf":{"@id":"https:\/\/britannia.ind.br\/#website"},"primaryImageOfPage":{"@id":"https:\/\/britannia.ind.br\/produtos\/fita-xadrez\/#primaryimage"},"image":{"@id":"https:\/\/britannia.ind.br\/produtos\/fita-xadrez\/#primaryimage"},"thumbnailUrl":"https:\/\/britannia.ind.br\/wp-content\/uploads\/2026\/04\/FITA-XADREZ-BRITANNIA-TEXTIL.jpg","datePublished":"2026-04-16T12:18:45+00:00","dateModified":"2026-04-16T14:00:40+00:00","description":"A Brit\u00e2nnia \u00e9 fabricante de fita xadrez para confec\u00e7\u00e3o, armarinhos, cal\u00e7ados, moda praia, artesanato e datas sazonais.","breadcrumb":{"@id":"https:\/\/britannia.ind.br\/produtos\/fita-xadrez\/#breadcrumb"},"inLanguage":"es","potentialAction":[{"@type":"ReadAction","target":["https:\/\/britannia.ind.br\/produtos\/fita-xadrez\/"]}]},{"@type":"ImageObject","inLanguage":"es","@id":"https:\/\/britannia.ind.br\/produtos\/fita-xadrez\/#primaryimage","url":"https:\/\/britannia.ind.br\/wp-content\/uploads\/2026\/04\/FITA-XADREZ-BRITANNIA-TEXTIL.jpg","contentUrl":"https:\/\/britannia.ind.br\/wp-content\/uploads\/2026\/04\/FITA-XADREZ-BRITANNIA-TEXTIL.jpg","width":1000,"height":667},{"@type":"BreadcrumbList","@id":"https:\/\/britannia.ind.br\/produtos\/fita-xadrez\/#breadcrumb","itemListElement":[{"@type":"ListItem","position":1,"name":"Home","item":"https:\/\/britannia.ind.br\/"},{"@type":"ListItem","position":2,"name":"Products","item":"https:\/\/britannia.ind.br\/en\/products\/"},{"@type":"ListItem","position":3,"name":"Fita Xadrez"}]},{"@type":"WebSite","@id":"https:\/\/britannia.ind.br\/#website","url":"https:\/\/britannia.ind.br\/","name":"Brit\u00e2nnia T\u00eaxtil","description":"","publisher":{"@id":"https:\/\/britannia.ind.br\/#organization"},"potentialAction":[{"@type":"SearchAction","target":{"@type":"EntryPoint","urlTemplate":"https:\/\/britannia.ind.br\/?s={search_term_string}"},"query-input":"required name=search_term_string"}],"inLanguage":"es"},{"@type":"Organization","@id":"https:\/\/britannia.ind.br\/#organization","name":"Britannia T\u00eaxtil","url":"https:\/\/britannia.ind.br\/","logo":{"@type":"ImageObject","inLanguage":"es","@id":"https:\/\/britannia.ind.br\/#\/schema\/logo\/image\/","url":"https:\/\/britannia.ind.br\/wp-content\/uploads\/2023\/12\/Logo-Britannia-Textil-Fundo-Azul.jpg","contentUrl":"https:\/\/britannia.ind.br\/wp-content\/uploads\/2023\/12\/Logo-Britannia-Textil-Fundo-Azul.jpg","width":1170,"height":637,"caption":"Britannia T\u00eaxtil"},"image":{"@id":"https:\/\/britannia.ind.br\/#\/schema\/logo\/image\/"},"sameAs":["https:\/\/www.facebook.com\/britanniatextil","https:\/\/www.instagram.com\/britannia_textil"]}]}},"_links":{"self":[{"href":"https:\/\/britannia.ind.br\/es\/wp-json\/wp\/v2\/pages\/25909","targetHints":{"allow":["GET"]}}],"collection":[{"href":"https:\/\/britannia.ind.br\/es\/wp-json\/wp\/v2\/pages"}],"about":[{"href":"https:\/\/britannia.ind.br\/es\/wp-json\/wp\/v2\/types\/page"}],"author":[{"embeddable":true,"href":"https:\/\/britannia.ind.br\/es\/wp-json\/wp\/v2\/users\/5"}],"replies":[{"embeddable":true,"href":"https:\/\/britannia.ind.br\/es\/wp-json\/wp\/v2\/comments?post=25909"}],"version-history":[{"count":6,"href":"https:\/\/britannia.ind.br\/es\/wp-json\/wp\/v2\/pages\/25909\/revisions"}],"predecessor-version":[{"id":25919,"href":"https:\/\/britannia.ind.br\/es\/wp-json\/wp\/v2\/pages\/25909\/revisions\/25919"}],"up":[{"embeddable":true,"href":"https:\/\/britannia.ind.br\/es\/wp-json\/wp\/v2\/pages\/5"}],"wp:featuredmedia":[{"embeddable":true,"href":"https:\/\/britannia.ind.br\/es\/wp-json\/wp\/v2\/media\/25917"}],"wp:attachment":[{"href":"https:\/\/britannia.ind.br\/es\/wp-json\/wp\/v2\/media?parent=25909"}],"curies":[{"name":"wp","href":"https:\/\/api.w.org\/{rel}","templated":true}]}}