{"id":162,"date":"2017-05-31T19:30:56","date_gmt":"2017-05-31T22:30:56","guid":{"rendered":"http:\/\/www.britannia.ind.br\/?page_id=162"},"modified":"2026-04-16T14:28:30","modified_gmt":"2026-04-16T17:28:30","slug":"lacos","status":"publish","type":"page","link":"https:\/\/britannia.ind.br\/es\/productos\/lazos\/","title":{"rendered":"Lazos"},"content":{"rendered":"<p><\/p>\n<h3>TRADICI\u00d3N Y MODERNIDAD<\/h3>\n<p>Los lazos Brit\u00e2nnia son sin\u00f3nimo de calidad y estilo y tienen un lugar de destaque en el universo de fornituras. Tradici\u00f3n y vanguardia se conectan en lazos de todos los tama\u00f1os en diversos tipos de cintas- en un cat\u00e1logo propio, diversificado y encantador, as\u00ed como en los productos que desarrollamos con exclusividad para nuestros clientes. <\/p>\n<p>Los lazos Brit\u00e2nnia est\u00e1n en las confecciones femeninas e infantiles, en los calzados, en lencer\u00edas d\u00eda y noche, en la moda de playa, y en otros productos, evidenciando buen gusto, esmero y valorizando las piezas.<\/p>\n<h4>Algunas opciones Britannia en Lazos:<\/h4>\n<p>1006 \u2022 lazos y lacitos \u2022 lazos y lacitos de sat\u00e9n \u2022 lacitos de organd\u00ed \u2022 lacitos de cinta raso \u2022 lazos para sost\u00e9n\/lencer\u00eda \u2022 lazos para tiendas de mascotas.<\/p>","protected":false},"excerpt":{"rendered":"<p>TRADICI\u00d3N Y MODERNIDAD Los lazos Brit\u00e2nnia son sin\u00f3nimo de calidad y estilo y tienen un lugar de destaque en el universo de fornituras. Tradici\u00f3n y vanguardia se conectan en lazos de todos los tama\u00f1os en diversos tipos de cintas- en un cat\u00e1logo propio, diversificado y encantador, as\u00ed como en los productos que desarrollamos con exclusividad [&hellip;]<\/p>\n","protected":false},"author":2,"featured_media":25896,"parent":5,"menu_order":99,"comment_status":"closed","ping_status":"closed","template":"template-portfolio.php","meta":{"footnotes":""},"class_list":["post-162","page","type-page","status-publish","has-post-thumbnail","hentry"],"acf":[],"yoast_head":"<!-- This site is optimized with the Yoast SEO plugin v23.3 - https:\/\/yoast.com\/wordpress\/plugins\/seo\/ -->\n<title>Brit\u00e2nnia La\u00e7os - para suti\u00e3s e lingerie, pet shops, de cetim<\/title>\n<meta name=\"description\" content=\"Os la\u00e7os Brit\u00e2nnia s\u00e3o sin\u00f4nimo de qualidade e estilo no universo de aviamentos. La\u00e7os de cetim, la\u00e7os para suti\u00e3 e lingerie entre outros.\" \/>\n<meta name=\"robots\" content=\"index, follow, max-snippet:-1, max-image-preview:large, max-video-preview:-1\" \/>\n<link rel=\"canonical\" href=\"https:\/\/britannia.ind.br\/produtos\/lacos\/\" \/>\n<meta property=\"og:locale\" content=\"es_ES\" \/>\n<meta property=\"og:type\" content=\"article\" \/>\n<meta property=\"og:title\" content=\"La\u00e7os Brit\u00e2nnia\" \/>\n<meta property=\"og:description\" content=\"Os la\u00e7os Brit\u00e2nnia s\u00e3o sin\u00f4nimo de qualidade e estilo e t\u00eam lugar de destaque no universo de aviamentos.\" \/>\n<meta property=\"og:url\" content=\"https:\/\/britannia.ind.br\/produtos\/lacos\/\" \/>\n<meta property=\"og:site_name\" content=\"Brit\u00e2nnia T\u00eaxtil\" \/>\n<meta property=\"article:publisher\" content=\"https:\/\/www.facebook.com\/britanniatextil\" \/>\n<meta property=\"article:modified_time\" content=\"2026-04-16T17:28:30+00:00\" \/>\n<meta property=\"og:image\" content=\"https:\/\/britannia.ind.br\/wp-content\/uploads\/2026\/04\/1006-lacos.jpg\" \/>\n\t<meta property=\"og:image:width\" content=\"1000\" \/>\n\t<meta property=\"og:image:height\" content=\"667\" \/>\n\t<meta property=\"og:image:type\" content=\"image\/jpeg\" \/>\n<meta name=\"twitter:card\" content=\"summary_large_image\" \/>\n<meta name=\"twitter:label1\" content=\"Tiempo de lectura\" \/>\n\t<meta name=\"twitter:data1\" content=\"1 minuto\" \/>\n<script type=\"application\/ld+json\" class=\"yoast-schema-graph\">{\"@context\":\"https:\/\/schema.org\",\"@graph\":[{\"@type\":\"WebPage\",\"@id\":\"https:\/\/britannia.ind.br\/produtos\/lacos\/\",\"url\":\"https:\/\/britannia.ind.br\/produtos\/lacos\/\",\"name\":\"Brit\u00e2nnia La\u00e7os - para suti\u00e3s e lingerie, pet shops, de cetim\",\"isPartOf\":{\"@id\":\"https:\/\/britannia.ind.br\/#website\"},\"primaryImageOfPage\":{\"@id\":\"https:\/\/britannia.ind.br\/produtos\/lacos\/#primaryimage\"},\"image\":{\"@id\":\"https:\/\/britannia.ind.br\/produtos\/lacos\/#primaryimage\"},\"thumbnailUrl\":\"https:\/\/britannia.ind.br\/wp-content\/uploads\/2026\/04\/1006-lacos.jpg\",\"datePublished\":\"2017-05-31T22:30:56+00:00\",\"dateModified\":\"2026-04-16T17:28:30+00:00\",\"description\":\"Os la\u00e7os Brit\u00e2nnia s\u00e3o sin\u00f4nimo de qualidade e estilo no universo de aviamentos. La\u00e7os de cetim, la\u00e7os para suti\u00e3 e lingerie entre outros.\",\"breadcrumb\":{\"@id\":\"https:\/\/britannia.ind.br\/produtos\/lacos\/#breadcrumb\"},\"inLanguage\":\"es\",\"potentialAction\":[{\"@type\":\"ReadAction\",\"target\":[\"https:\/\/britannia.ind.br\/produtos\/lacos\/\"]}]},{\"@type\":\"ImageObject\",\"inLanguage\":\"es\",\"@id\":\"https:\/\/britannia.ind.br\/produtos\/lacos\/#primaryimage\",\"url\":\"https:\/\/britannia.ind.br\/wp-content\/uploads\/2026\/04\/1006-lacos.jpg\",\"contentUrl\":\"https:\/\/britannia.ind.br\/wp-content\/uploads\/2026\/04\/1006-lacos.jpg\",\"width\":1000,\"height\":667},{\"@type\":\"BreadcrumbList\",\"@id\":\"https:\/\/britannia.ind.br\/produtos\/lacos\/#breadcrumb\",\"itemListElement\":[{\"@type\":\"ListItem\",\"position\":1,\"name\":\"Home\",\"item\":\"https:\/\/britannia.ind.br\/\"},{\"@type\":\"ListItem\",\"position\":2,\"name\":\"Products\",\"item\":\"https:\/\/britannia.ind.br\/en\/products\/\"},{\"@type\":\"ListItem\",\"position\":3,\"name\":\"La\u00e7os\"}]},{\"@type\":\"WebSite\",\"@id\":\"https:\/\/britannia.ind.br\/#website\",\"url\":\"https:\/\/britannia.ind.br\/\",\"name\":\"Brit\u00e2nnia T\u00eaxtil\",\"description\":\"\",\"publisher\":{\"@id\":\"https:\/\/britannia.ind.br\/#organization\"},\"potentialAction\":[{\"@type\":\"SearchAction\",\"target\":{\"@type\":\"EntryPoint\",\"urlTemplate\":\"https:\/\/britannia.ind.br\/?s={search_term_string}\"},\"query-input\":\"required name=search_term_string\"}],\"inLanguage\":\"es\"},{\"@type\":\"Organization\",\"@id\":\"https:\/\/britannia.ind.br\/#organization\",\"name\":\"Britannia T\u00eaxtil\",\"url\":\"https:\/\/britannia.ind.br\/\",\"logo\":{\"@type\":\"ImageObject\",\"inLanguage\":\"es\",\"@id\":\"https:\/\/britannia.ind.br\/#\/schema\/logo\/image\/\",\"url\":\"https:\/\/britannia.ind.br\/wp-content\/uploads\/2023\/12\/Logo-Britannia-Textil-Fundo-Azul.jpg\",\"contentUrl\":\"https:\/\/britannia.ind.br\/wp-content\/uploads\/2023\/12\/Logo-Britannia-Textil-Fundo-Azul.jpg\",\"width\":1170,\"height\":637,\"caption\":\"Britannia T\u00eaxtil\"},\"image\":{\"@id\":\"https:\/\/britannia.ind.br\/#\/schema\/logo\/image\/\"},\"sameAs\":[\"https:\/\/www.facebook.com\/britanniatextil\",\"https:\/\/www.instagram.com\/britannia_textil\"]}]}<\/script>\n<!-- \/ Yoast SEO plugin. -->","yoast_head_json":{"title":"Brit\u00e2nnia La\u00e7os - para suti\u00e3s e lingerie, pet shops, de cetim","description":"Os la\u00e7os Brit\u00e2nnia s\u00e3o sin\u00f4nimo de qualidade e estilo no universo de aviamentos. La\u00e7os de cetim, la\u00e7os para suti\u00e3 e lingerie entre outros.","robots":{"index":"index","follow":"follow","max-snippet":"max-snippet:-1","max-image-preview":"max-image-preview:large","max-video-preview":"max-video-preview:-1"},"canonical":"https:\/\/britannia.ind.br\/produtos\/lacos\/","og_locale":"es_ES","og_type":"article","og_title":"La\u00e7os Brit\u00e2nnia","og_description":"Os la\u00e7os Brit\u00e2nnia s\u00e3o sin\u00f4nimo de qualidade e estilo e t\u00eam lugar de destaque no universo de aviamentos.","og_url":"https:\/\/britannia.ind.br\/produtos\/lacos\/","og_site_name":"Brit\u00e2nnia T\u00eaxtil","article_publisher":"https:\/\/www.facebook.com\/britanniatextil","article_modified_time":"2026-04-16T17:28:30+00:00","og_image":[{"width":1000,"height":667,"url":"https:\/\/britannia.ind.br\/wp-content\/uploads\/2026\/04\/1006-lacos.jpg","type":"image\/jpeg"}],"twitter_card":"summary_large_image","twitter_misc":{"Tiempo de lectura":"1 minuto"},"schema":{"@context":"https:\/\/schema.org","@graph":[{"@type":"WebPage","@id":"https:\/\/britannia.ind.br\/produtos\/lacos\/","url":"https:\/\/britannia.ind.br\/produtos\/lacos\/","name":"Brit\u00e2nnia La\u00e7os - para suti\u00e3s e lingerie, pet shops, de cetim","isPartOf":{"@id":"https:\/\/britannia.ind.br\/#website"},"primaryImageOfPage":{"@id":"https:\/\/britannia.ind.br\/produtos\/lacos\/#primaryimage"},"image":{"@id":"https:\/\/britannia.ind.br\/produtos\/lacos\/#primaryimage"},"thumbnailUrl":"https:\/\/britannia.ind.br\/wp-content\/uploads\/2026\/04\/1006-lacos.jpg","datePublished":"2017-05-31T22:30:56+00:00","dateModified":"2026-04-16T17:28:30+00:00","description":"Os la\u00e7os Brit\u00e2nnia s\u00e3o sin\u00f4nimo de qualidade e estilo no universo de aviamentos. La\u00e7os de cetim, la\u00e7os para suti\u00e3 e lingerie entre outros.","breadcrumb":{"@id":"https:\/\/britannia.ind.br\/produtos\/lacos\/#breadcrumb"},"inLanguage":"es","potentialAction":[{"@type":"ReadAction","target":["https:\/\/britannia.ind.br\/produtos\/lacos\/"]}]},{"@type":"ImageObject","inLanguage":"es","@id":"https:\/\/britannia.ind.br\/produtos\/lacos\/#primaryimage","url":"https:\/\/britannia.ind.br\/wp-content\/uploads\/2026\/04\/1006-lacos.jpg","contentUrl":"https:\/\/britannia.ind.br\/wp-content\/uploads\/2026\/04\/1006-lacos.jpg","width":1000,"height":667},{"@type":"BreadcrumbList","@id":"https:\/\/britannia.ind.br\/produtos\/lacos\/#breadcrumb","itemListElement":[{"@type":"ListItem","position":1,"name":"Home","item":"https:\/\/britannia.ind.br\/"},{"@type":"ListItem","position":2,"name":"Products","item":"https:\/\/britannia.ind.br\/en\/products\/"},{"@type":"ListItem","position":3,"name":"La\u00e7os"}]},{"@type":"WebSite","@id":"https:\/\/britannia.ind.br\/#website","url":"https:\/\/britannia.ind.br\/","name":"Brit\u00e2nnia T\u00eaxtil","description":"","publisher":{"@id":"https:\/\/britannia.ind.br\/#organization"},"potentialAction":[{"@type":"SearchAction","target":{"@type":"EntryPoint","urlTemplate":"https:\/\/britannia.ind.br\/?s={search_term_string}"},"query-input":"required name=search_term_string"}],"inLanguage":"es"},{"@type":"Organization","@id":"https:\/\/britannia.ind.br\/#organization","name":"Britannia T\u00eaxtil","url":"https:\/\/britannia.ind.br\/","logo":{"@type":"ImageObject","inLanguage":"es","@id":"https:\/\/britannia.ind.br\/#\/schema\/logo\/image\/","url":"https:\/\/britannia.ind.br\/wp-content\/uploads\/2023\/12\/Logo-Britannia-Textil-Fundo-Azul.jpg","contentUrl":"https:\/\/britannia.ind.br\/wp-content\/uploads\/2023\/12\/Logo-Britannia-Textil-Fundo-Azul.jpg","width":1170,"height":637,"caption":"Britannia T\u00eaxtil"},"image":{"@id":"https:\/\/britannia.ind.br\/#\/schema\/logo\/image\/"},"sameAs":["https:\/\/www.facebook.com\/britanniatextil","https:\/\/www.instagram.com\/britannia_textil"]}]}},"_links":{"self":[{"href":"https:\/\/britannia.ind.br\/es\/wp-json\/wp\/v2\/pages\/162","targetHints":{"allow":["GET"]}}],"collection":[{"href":"https:\/\/britannia.ind.br\/es\/wp-json\/wp\/v2\/pages"}],"about":[{"href":"https:\/\/britannia.ind.br\/es\/wp-json\/wp\/v2\/types\/page"}],"author":[{"embeddable":true,"href":"https:\/\/britannia.ind.br\/es\/wp-json\/wp\/v2\/users\/2"}],"replies":[{"embeddable":true,"href":"https:\/\/britannia.ind.br\/es\/wp-json\/wp\/v2\/comments?post=162"}],"version-history":[{"count":34,"href":"https:\/\/britannia.ind.br\/es\/wp-json\/wp\/v2\/pages\/162\/revisions"}],"predecessor-version":[{"id":25924,"href":"https:\/\/britannia.ind.br\/es\/wp-json\/wp\/v2\/pages\/162\/revisions\/25924"}],"up":[{"embeddable":true,"href":"https:\/\/britannia.ind.br\/es\/wp-json\/wp\/v2\/pages\/5"}],"wp:featuredmedia":[{"embeddable":true,"href":"https:\/\/britannia.ind.br\/es\/wp-json\/wp\/v2\/media\/25896"}],"wp:attachment":[{"href":"https:\/\/britannia.ind.br\/es\/wp-json\/wp\/v2\/media?parent=162"}],"curies":[{"name":"wp","href":"https:\/\/api.w.org\/{rel}","templated":true}]}}