{"id":154,"date":"2017-05-31T19:29:59","date_gmt":"2017-05-31T22:29:59","guid":{"rendered":"http:\/\/www.britannia.ind.br\/?page_id=154"},"modified":"2026-04-16T15:37:55","modified_gmt":"2026-04-16T18:37:55","slug":"fitas-rigidas","status":"publish","type":"page","link":"https:\/\/britannia.ind.br\/es\/productos\/cintas-rigidas\/","title":{"rendered":"CINTAS R\u00cdGIDAS"},"content":{"rendered":"<p><\/p>\n<h3>VERSATILIDAD Y DIVERSIDAD<\/h3>\n<p>Las cintas r\u00edgidas son tejidas en telares de aguja o croch\u00e9 y\/o poliamida su composici\u00f3n puede ser de poli\u00e9ster y poliamida. El portfolio Brit\u00e2nnia cuenta con diversas opciones: cintas en sat\u00e9n, organd\u00eds, tafet\u00e1n, grosgrain, adem\u00e1s de pasamaner\u00edas dise\u00f1adas, variedades con efecto Jacquard y mucho m\u00e1s.<br \/>\nExtremamente vers\u00e1tiles, ellas est\u00e1n presentes en la vestimenta, en los calzados, en juguetes, cama, mesa y ba\u00f1o, en artesan\u00edas y en la decoraci\u00f3n.<\/p>\n<h4>Some Brit\u00e2nnia\u2019s Options on Rigid Ribbons:<\/h4>\n<p>Cinta de sat\u00e9n \u2022 cinta con madro\u00f1os (pompones) \u2022 cinta de organd\u00ed \u2022 cinta de tafet\u00e1n \u2022 cinta doble cara \u2022 cinta metalizada \u2022 cinta navide\u00f1a \u2022 cinta pespunte \u2022 cinta mota \u2022 cinta tinta \u2022 cinta cruda \u2022 cinta voile \u2022 cinta cuadros \u2022 cintas de sat\u00e9n decoradas \u2022 cintas de grosgrain \u2022 cintas decorativas \u2022 cintas para embalajes \u2022 cintas Jacquard \u2022 bies \u2022 madro\u00f1os (pompones) 9038<\/p>","protected":false},"excerpt":{"rendered":"<p>VERSATILIDAD Y DIVERSIDAD Las cintas r\u00edgidas son tejidas en telares de aguja o croch\u00e9 y\/o poliamida su composici\u00f3n puede ser de poli\u00e9ster y poliamida. El portfolio Brit\u00e2nnia cuenta con diversas opciones: cintas en sat\u00e9n, organd\u00eds, tafet\u00e1n, grosgrain, adem\u00e1s de pasamaner\u00edas dise\u00f1adas, variedades con efecto Jacquard y mucho m\u00e1s. Extremamente vers\u00e1tiles, ellas est\u00e1n presentes en la [&hellip;]<\/p>\n","protected":false},"author":2,"featured_media":25883,"parent":5,"menu_order":0,"comment_status":"closed","ping_status":"closed","template":"template-portfolio.php","meta":{"footnotes":""},"class_list":["post-154","page","type-page","status-publish","has-post-thumbnail","hentry"],"acf":[],"yoast_head":"<!-- This site is optimized with the Yoast SEO plugin v23.3 - https:\/\/yoast.com\/wordpress\/plugins\/seo\/ -->\n<title>Fitas R\u00edgidas Britannia - fitas de cetim, fitas com pompom<\/title>\n<meta name=\"description\" content=\"Extremamente vers\u00e1teis, elas est\u00e3o presentes no vestu\u00e1rio, nos cal\u00e7ados, em brinquedos, cama, mesa e banho, no artesanato e na decora\u00e7\u00e3o.\" \/>\n<meta name=\"robots\" content=\"index, follow, max-snippet:-1, max-image-preview:large, max-video-preview:-1\" \/>\n<link rel=\"canonical\" href=\"https:\/\/britannia.ind.br\/produtos\/fitas-rigidas\/\" \/>\n<meta property=\"og:locale\" content=\"es_ES\" \/>\n<meta property=\"og:type\" content=\"article\" \/>\n<meta property=\"og:title\" content=\"Fitas R\u00edgidas Britannia - Fitas para todos os momentos\" \/>\n<meta property=\"og:description\" content=\"Extremamente vers\u00e1teis, elas est\u00e3o presentes no vestu\u00e1rio, nos cal\u00e7ados, em brinquedos, cama, mesa e banho, no artesanato e na decora\u00e7\u00e3o.\" \/>\n<meta property=\"og:url\" content=\"https:\/\/britannia.ind.br\/produtos\/fitas-rigidas\/\" \/>\n<meta property=\"og:site_name\" content=\"Brit\u00e2nnia T\u00eaxtil\" \/>\n<meta property=\"article:publisher\" content=\"https:\/\/www.facebook.com\/britanniatextil\" \/>\n<meta property=\"article:modified_time\" content=\"2026-04-16T18:37:55+00:00\" \/>\n<meta property=\"og:image\" content=\"https:\/\/britannia.ind.br\/wp-content\/uploads\/2026\/04\/fita-gorgurao.jpg\" \/>\n\t<meta property=\"og:image:width\" content=\"1000\" \/>\n\t<meta property=\"og:image:height\" content=\"667\" \/>\n\t<meta property=\"og:image:type\" content=\"image\/jpeg\" \/>\n<meta name=\"twitter:card\" content=\"summary_large_image\" \/>\n<meta name=\"twitter:title\" content=\"Fitas R\u00edgidas Britannia - Confira nossos cat\u00e1logos\" \/>\n<meta name=\"twitter:description\" content=\"Extremamente vers\u00e1teis, elas est\u00e3o presentes no vestu\u00e1rio, nos cal\u00e7ados, em brinquedos, cama, mesa e banho, no artesanato e na decora\u00e7\u00e3o.\" \/>\n<meta name=\"twitter:label1\" content=\"Tiempo de lectura\" \/>\n\t<meta name=\"twitter:data1\" content=\"2 minutos\" \/>\n<script type=\"application\/ld+json\" class=\"yoast-schema-graph\">{\"@context\":\"https:\/\/schema.org\",\"@graph\":[{\"@type\":\"WebPage\",\"@id\":\"https:\/\/britannia.ind.br\/produtos\/fitas-rigidas\/\",\"url\":\"https:\/\/britannia.ind.br\/produtos\/fitas-rigidas\/\",\"name\":\"Fitas R\u00edgidas Britannia - fitas de cetim, fitas com pompom\",\"isPartOf\":{\"@id\":\"https:\/\/britannia.ind.br\/#website\"},\"primaryImageOfPage\":{\"@id\":\"https:\/\/britannia.ind.br\/produtos\/fitas-rigidas\/#primaryimage\"},\"image\":{\"@id\":\"https:\/\/britannia.ind.br\/produtos\/fitas-rigidas\/#primaryimage\"},\"thumbnailUrl\":\"https:\/\/britannia.ind.br\/wp-content\/uploads\/2026\/04\/fita-gorgurao.jpg\",\"datePublished\":\"2017-05-31T22:29:59+00:00\",\"dateModified\":\"2026-04-16T18:37:55+00:00\",\"description\":\"Extremamente vers\u00e1teis, elas est\u00e3o presentes no vestu\u00e1rio, nos cal\u00e7ados, em brinquedos, cama, mesa e banho, no artesanato e na decora\u00e7\u00e3o.\",\"breadcrumb\":{\"@id\":\"https:\/\/britannia.ind.br\/produtos\/fitas-rigidas\/#breadcrumb\"},\"inLanguage\":\"es\",\"potentialAction\":[{\"@type\":\"ReadAction\",\"target\":[\"https:\/\/britannia.ind.br\/produtos\/fitas-rigidas\/\"]}]},{\"@type\":\"ImageObject\",\"inLanguage\":\"es\",\"@id\":\"https:\/\/britannia.ind.br\/produtos\/fitas-rigidas\/#primaryimage\",\"url\":\"https:\/\/britannia.ind.br\/wp-content\/uploads\/2026\/04\/fita-gorgurao.jpg\",\"contentUrl\":\"https:\/\/britannia.ind.br\/wp-content\/uploads\/2026\/04\/fita-gorgurao.jpg\",\"width\":1000,\"height\":667},{\"@type\":\"BreadcrumbList\",\"@id\":\"https:\/\/britannia.ind.br\/produtos\/fitas-rigidas\/#breadcrumb\",\"itemListElement\":[{\"@type\":\"ListItem\",\"position\":1,\"name\":\"Home\",\"item\":\"https:\/\/britannia.ind.br\/\"},{\"@type\":\"ListItem\",\"position\":2,\"name\":\"Products\",\"item\":\"https:\/\/britannia.ind.br\/en\/products\/\"},{\"@type\":\"ListItem\",\"position\":3,\"name\":\"Fitas R\u00edgidas\"}]},{\"@type\":\"WebSite\",\"@id\":\"https:\/\/britannia.ind.br\/#website\",\"url\":\"https:\/\/britannia.ind.br\/\",\"name\":\"Brit\u00e2nnia T\u00eaxtil\",\"description\":\"\",\"publisher\":{\"@id\":\"https:\/\/britannia.ind.br\/#organization\"},\"potentialAction\":[{\"@type\":\"SearchAction\",\"target\":{\"@type\":\"EntryPoint\",\"urlTemplate\":\"https:\/\/britannia.ind.br\/?s={search_term_string}\"},\"query-input\":\"required name=search_term_string\"}],\"inLanguage\":\"es\"},{\"@type\":\"Organization\",\"@id\":\"https:\/\/britannia.ind.br\/#organization\",\"name\":\"Britannia T\u00eaxtil\",\"url\":\"https:\/\/britannia.ind.br\/\",\"logo\":{\"@type\":\"ImageObject\",\"inLanguage\":\"es\",\"@id\":\"https:\/\/britannia.ind.br\/#\/schema\/logo\/image\/\",\"url\":\"https:\/\/britannia.ind.br\/wp-content\/uploads\/2023\/12\/Logo-Britannia-Textil-Fundo-Azul.jpg\",\"contentUrl\":\"https:\/\/britannia.ind.br\/wp-content\/uploads\/2023\/12\/Logo-Britannia-Textil-Fundo-Azul.jpg\",\"width\":1170,\"height\":637,\"caption\":\"Britannia T\u00eaxtil\"},\"image\":{\"@id\":\"https:\/\/britannia.ind.br\/#\/schema\/logo\/image\/\"},\"sameAs\":[\"https:\/\/www.facebook.com\/britanniatextil\",\"https:\/\/www.instagram.com\/britannia_textil\"]}]}<\/script>\n<!-- \/ Yoast SEO plugin. -->","yoast_head_json":{"title":"Fitas R\u00edgidas Britannia - fitas de cetim, fitas com pompom","description":"Extremamente vers\u00e1teis, elas est\u00e3o presentes no vestu\u00e1rio, nos cal\u00e7ados, em brinquedos, cama, mesa e banho, no artesanato e na decora\u00e7\u00e3o.","robots":{"index":"index","follow":"follow","max-snippet":"max-snippet:-1","max-image-preview":"max-image-preview:large","max-video-preview":"max-video-preview:-1"},"canonical":"https:\/\/britannia.ind.br\/produtos\/fitas-rigidas\/","og_locale":"es_ES","og_type":"article","og_title":"Fitas R\u00edgidas Britannia - Fitas para todos os momentos","og_description":"Extremamente vers\u00e1teis, elas est\u00e3o presentes no vestu\u00e1rio, nos cal\u00e7ados, em brinquedos, cama, mesa e banho, no artesanato e na decora\u00e7\u00e3o.","og_url":"https:\/\/britannia.ind.br\/produtos\/fitas-rigidas\/","og_site_name":"Brit\u00e2nnia T\u00eaxtil","article_publisher":"https:\/\/www.facebook.com\/britanniatextil","article_modified_time":"2026-04-16T18:37:55+00:00","og_image":[{"width":1000,"height":667,"url":"https:\/\/britannia.ind.br\/wp-content\/uploads\/2026\/04\/fita-gorgurao.jpg","type":"image\/jpeg"}],"twitter_card":"summary_large_image","twitter_title":"Fitas R\u00edgidas Britannia - Confira nossos cat\u00e1logos","twitter_description":"Extremamente vers\u00e1teis, elas est\u00e3o presentes no vestu\u00e1rio, nos cal\u00e7ados, em brinquedos, cama, mesa e banho, no artesanato e na decora\u00e7\u00e3o.","twitter_misc":{"Tiempo de lectura":"2 minutos"},"schema":{"@context":"https:\/\/schema.org","@graph":[{"@type":"WebPage","@id":"https:\/\/britannia.ind.br\/produtos\/fitas-rigidas\/","url":"https:\/\/britannia.ind.br\/produtos\/fitas-rigidas\/","name":"Fitas R\u00edgidas Britannia - fitas de cetim, fitas com pompom","isPartOf":{"@id":"https:\/\/britannia.ind.br\/#website"},"primaryImageOfPage":{"@id":"https:\/\/britannia.ind.br\/produtos\/fitas-rigidas\/#primaryimage"},"image":{"@id":"https:\/\/britannia.ind.br\/produtos\/fitas-rigidas\/#primaryimage"},"thumbnailUrl":"https:\/\/britannia.ind.br\/wp-content\/uploads\/2026\/04\/fita-gorgurao.jpg","datePublished":"2017-05-31T22:29:59+00:00","dateModified":"2026-04-16T18:37:55+00:00","description":"Extremamente vers\u00e1teis, elas est\u00e3o presentes no vestu\u00e1rio, nos cal\u00e7ados, em brinquedos, cama, mesa e banho, no artesanato e na decora\u00e7\u00e3o.","breadcrumb":{"@id":"https:\/\/britannia.ind.br\/produtos\/fitas-rigidas\/#breadcrumb"},"inLanguage":"es","potentialAction":[{"@type":"ReadAction","target":["https:\/\/britannia.ind.br\/produtos\/fitas-rigidas\/"]}]},{"@type":"ImageObject","inLanguage":"es","@id":"https:\/\/britannia.ind.br\/produtos\/fitas-rigidas\/#primaryimage","url":"https:\/\/britannia.ind.br\/wp-content\/uploads\/2026\/04\/fita-gorgurao.jpg","contentUrl":"https:\/\/britannia.ind.br\/wp-content\/uploads\/2026\/04\/fita-gorgurao.jpg","width":1000,"height":667},{"@type":"BreadcrumbList","@id":"https:\/\/britannia.ind.br\/produtos\/fitas-rigidas\/#breadcrumb","itemListElement":[{"@type":"ListItem","position":1,"name":"Home","item":"https:\/\/britannia.ind.br\/"},{"@type":"ListItem","position":2,"name":"Products","item":"https:\/\/britannia.ind.br\/en\/products\/"},{"@type":"ListItem","position":3,"name":"Fitas R\u00edgidas"}]},{"@type":"WebSite","@id":"https:\/\/britannia.ind.br\/#website","url":"https:\/\/britannia.ind.br\/","name":"Brit\u00e2nnia T\u00eaxtil","description":"","publisher":{"@id":"https:\/\/britannia.ind.br\/#organization"},"potentialAction":[{"@type":"SearchAction","target":{"@type":"EntryPoint","urlTemplate":"https:\/\/britannia.ind.br\/?s={search_term_string}"},"query-input":"required name=search_term_string"}],"inLanguage":"es"},{"@type":"Organization","@id":"https:\/\/britannia.ind.br\/#organization","name":"Britannia T\u00eaxtil","url":"https:\/\/britannia.ind.br\/","logo":{"@type":"ImageObject","inLanguage":"es","@id":"https:\/\/britannia.ind.br\/#\/schema\/logo\/image\/","url":"https:\/\/britannia.ind.br\/wp-content\/uploads\/2023\/12\/Logo-Britannia-Textil-Fundo-Azul.jpg","contentUrl":"https:\/\/britannia.ind.br\/wp-content\/uploads\/2023\/12\/Logo-Britannia-Textil-Fundo-Azul.jpg","width":1170,"height":637,"caption":"Britannia T\u00eaxtil"},"image":{"@id":"https:\/\/britannia.ind.br\/#\/schema\/logo\/image\/"},"sameAs":["https:\/\/www.facebook.com\/britanniatextil","https:\/\/www.instagram.com\/britannia_textil"]}]}},"_links":{"self":[{"href":"https:\/\/britannia.ind.br\/es\/wp-json\/wp\/v2\/pages\/154","targetHints":{"allow":["GET"]}}],"collection":[{"href":"https:\/\/britannia.ind.br\/es\/wp-json\/wp\/v2\/pages"}],"about":[{"href":"https:\/\/britannia.ind.br\/es\/wp-json\/wp\/v2\/types\/page"}],"author":[{"embeddable":true,"href":"https:\/\/britannia.ind.br\/es\/wp-json\/wp\/v2\/users\/2"}],"replies":[{"embeddable":true,"href":"https:\/\/britannia.ind.br\/es\/wp-json\/wp\/v2\/comments?post=154"}],"version-history":[{"count":28,"href":"https:\/\/britannia.ind.br\/es\/wp-json\/wp\/v2\/pages\/154\/revisions"}],"predecessor-version":[{"id":25929,"href":"https:\/\/britannia.ind.br\/es\/wp-json\/wp\/v2\/pages\/154\/revisions\/25929"}],"up":[{"embeddable":true,"href":"https:\/\/britannia.ind.br\/es\/wp-json\/wp\/v2\/pages\/5"}],"wp:featuredmedia":[{"embeddable":true,"href":"https:\/\/britannia.ind.br\/es\/wp-json\/wp\/v2\/media\/25883"}],"wp:attachment":[{"href":"https:\/\/britannia.ind.br\/es\/wp-json\/wp\/v2\/media?parent=154"}],"curies":[{"name":"wp","href":"https:\/\/api.w.org\/{rel}","templated":true}]}}