{"id":14,"date":"2017-05-22T18:00:14","date_gmt":"2017-05-22T21:00:14","guid":{"rendered":"http:\/\/www.britannia.ind.br\/?page_id=14"},"modified":"2026-04-13T15:10:01","modified_gmt":"2026-04-13T18:10:01","slug":"contato","status":"publish","type":"page","link":"https:\/\/britannia.ind.br\/es\/contacto\/","title":{"rendered":"Contacto"},"content":{"rendered":"<p><\/p>\n<h3>Contato<\/h3>\n<p>Brit\u00e2nnia est\u00e1 lista para atenderle.<br \/>\nPara dudas o comentarios, o para conocer mejor nuestros productos, o saber m\u00e1s sobre cat\u00e1logos y amuestras, basta rellenar sus datos y enviar su mensaje que entraremos en contacto.<\/p>\n<hr \/>\n<h5><i class=\"fa fa-map-marker fa-fw fa-lg\"><\/i> Rua Jos\u00e9 Cust\u00f3dio de Oliveira, 150<br \/>\n<i class=\"fa fa-fw fa-lg\"><\/i> Vilela \u2022 Barbacena \u2022 MG \u2022 Brasil<br \/>\n<i class=\"fa fa-fw fa-lg\"><\/i> cep:36204-174<\/h5>\n<h5>comercial7@britannia.ind.br<\/h5>\n<h5><i class=\"fa fa-phone fa-fw fa-lg\"><\/i> <a href=\"tel:+55 32 3339 6100\">+55 32 3339 6100<\/a><\/h5>\n<p><\/p>","protected":false},"excerpt":{"rendered":"<p>Contato Brit\u00e2nnia est\u00e1 lista para atenderle. Para dudas o comentarios, o para conocer mejor nuestros productos, o saber m\u00e1s sobre cat\u00e1logos y amuestras, basta rellenar sus datos y enviar su mensaje que entraremos en contacto. Rua Jos\u00e9 Cust\u00f3dio de Oliveira, 150 Vilela \u2022 Barbacena \u2022 MG \u2022 Brasil cep:36204-174 comercial7@britannia.ind.br +55 32 3339 6100<\/p>\n","protected":false},"author":5,"featured_media":326,"parent":0,"menu_order":0,"comment_status":"closed","ping_status":"closed","template":"","meta":{"footnotes":""},"class_list":["post-14","page","type-page","status-publish","has-post-thumbnail","hentry"],"acf":[],"yoast_head":"<!-- This site is optimized with the Yoast SEO plugin v23.3 - https:\/\/yoast.com\/wordpress\/plugins\/seo\/ -->\n<title>Fale com a Brit\u00e2nnia T\u00eaxtil - Estamos prontos para atender voc\u00ea.<\/title>\n<meta name=\"description\" content=\"Para d\u00favidas ou coment\u00e1rios, conhecer melhor nossos produtos, ou saber mais sobre cat\u00e1logos ou amostras, basta preencher seus dados. Clique aqui.\" \/>\n<meta name=\"robots\" content=\"index, follow, max-snippet:-1, max-image-preview:large, max-video-preview:-1\" \/>\n<link rel=\"canonical\" href=\"https:\/\/britannia.ind.br\/contato\/\" \/>\n<meta property=\"og:locale\" content=\"es_ES\" \/>\n<meta property=\"og:type\" content=\"article\" \/>\n<meta property=\"og:title\" content=\"Fale com a Brit\u00e2nnia T\u00eaxtil - Estamos prontos para atender voc\u00ea.\" \/>\n<meta property=\"og:description\" content=\"Para d\u00favidas ou coment\u00e1rios, conhecer melhor nossos produtos, ou saber mais sobre cat\u00e1logos ou amostras.\" \/>\n<meta property=\"og:url\" content=\"https:\/\/britannia.ind.br\/contato\/\" \/>\n<meta property=\"og:site_name\" content=\"Brit\u00e2nnia T\u00eaxtil\" \/>\n<meta property=\"article:publisher\" content=\"https:\/\/www.facebook.com\/britanniatextil\" \/>\n<meta property=\"article:modified_time\" content=\"2026-04-13T18:10:01+00:00\" \/>\n<meta property=\"og:image\" content=\"https:\/\/britannia.ind.br\/wp-content\/uploads\/2017\/05\/contato-destaque.jpg\" \/>\n\t<meta property=\"og:image:width\" content=\"1920\" \/>\n\t<meta property=\"og:image:height\" content=\"1080\" \/>\n\t<meta property=\"og:image:type\" content=\"image\/jpeg\" \/>\n<meta name=\"twitter:card\" content=\"summary_large_image\" \/>\n<meta name=\"twitter:title\" content=\"Fale com a Brit\u00e2nnia T\u00eaxtil - Estamos prontos para atender voc\u00ea.\" \/>\n<meta name=\"twitter:description\" content=\"Para d\u00favidas ou coment\u00e1rios, conhecer melhor nossos produtos, ou saber mais sobre cat\u00e1logos ou amostras.\" \/>\n<meta name=\"twitter:label1\" content=\"Tiempo de lectura\" \/>\n\t<meta name=\"twitter:data1\" content=\"1 minuto\" \/>\n<script type=\"application\/ld+json\" class=\"yoast-schema-graph\">{\"@context\":\"https:\/\/schema.org\",\"@graph\":[{\"@type\":\"WebPage\",\"@id\":\"https:\/\/britannia.ind.br\/contato\/\",\"url\":\"https:\/\/britannia.ind.br\/contato\/\",\"name\":\"Fale com a Brit\u00e2nnia T\u00eaxtil - Estamos prontos para atender voc\u00ea.\",\"isPartOf\":{\"@id\":\"https:\/\/britannia.ind.br\/#website\"},\"primaryImageOfPage\":{\"@id\":\"https:\/\/britannia.ind.br\/contato\/#primaryimage\"},\"image\":{\"@id\":\"https:\/\/britannia.ind.br\/contato\/#primaryimage\"},\"thumbnailUrl\":\"https:\/\/britannia.ind.br\/wp-content\/uploads\/2017\/05\/contato-destaque.jpg\",\"datePublished\":\"2017-05-22T21:00:14+00:00\",\"dateModified\":\"2026-04-13T18:10:01+00:00\",\"description\":\"Para d\u00favidas ou coment\u00e1rios, conhecer melhor nossos produtos, ou saber mais sobre cat\u00e1logos ou amostras, basta preencher seus dados. Clique aqui.\",\"breadcrumb\":{\"@id\":\"https:\/\/britannia.ind.br\/contato\/#breadcrumb\"},\"inLanguage\":\"es\",\"potentialAction\":[{\"@type\":\"ReadAction\",\"target\":[\"https:\/\/britannia.ind.br\/contato\/\"]}]},{\"@type\":\"ImageObject\",\"inLanguage\":\"es\",\"@id\":\"https:\/\/britannia.ind.br\/contato\/#primaryimage\",\"url\":\"https:\/\/britannia.ind.br\/wp-content\/uploads\/2017\/05\/contato-destaque.jpg\",\"contentUrl\":\"https:\/\/britannia.ind.br\/wp-content\/uploads\/2017\/05\/contato-destaque.jpg\",\"width\":1920,\"height\":1080},{\"@type\":\"BreadcrumbList\",\"@id\":\"https:\/\/britannia.ind.br\/contato\/#breadcrumb\",\"itemListElement\":[{\"@type\":\"ListItem\",\"position\":1,\"name\":\"Home\",\"item\":\"https:\/\/britannia.ind.br\/\"},{\"@type\":\"ListItem\",\"position\":2,\"name\":\"Contato\"}]},{\"@type\":\"WebSite\",\"@id\":\"https:\/\/britannia.ind.br\/#website\",\"url\":\"https:\/\/britannia.ind.br\/\",\"name\":\"Brit\u00e2nnia T\u00eaxtil\",\"description\":\"\",\"publisher\":{\"@id\":\"https:\/\/britannia.ind.br\/#organization\"},\"potentialAction\":[{\"@type\":\"SearchAction\",\"target\":{\"@type\":\"EntryPoint\",\"urlTemplate\":\"https:\/\/britannia.ind.br\/?s={search_term_string}\"},\"query-input\":\"required name=search_term_string\"}],\"inLanguage\":\"es\"},{\"@type\":\"Organization\",\"@id\":\"https:\/\/britannia.ind.br\/#organization\",\"name\":\"Britannia T\u00eaxtil\",\"url\":\"https:\/\/britannia.ind.br\/\",\"logo\":{\"@type\":\"ImageObject\",\"inLanguage\":\"es\",\"@id\":\"https:\/\/britannia.ind.br\/#\/schema\/logo\/image\/\",\"url\":\"https:\/\/britannia.ind.br\/wp-content\/uploads\/2023\/12\/Logo-Britannia-Textil-Fundo-Azul.jpg\",\"contentUrl\":\"https:\/\/britannia.ind.br\/wp-content\/uploads\/2023\/12\/Logo-Britannia-Textil-Fundo-Azul.jpg\",\"width\":1170,\"height\":637,\"caption\":\"Britannia T\u00eaxtil\"},\"image\":{\"@id\":\"https:\/\/britannia.ind.br\/#\/schema\/logo\/image\/\"},\"sameAs\":[\"https:\/\/www.facebook.com\/britanniatextil\",\"https:\/\/www.instagram.com\/britannia_textil\"]}]}<\/script>\n<!-- \/ Yoast SEO plugin. -->","yoast_head_json":{"title":"Fale com a Brit\u00e2nnia T\u00eaxtil - Estamos prontos para atender voc\u00ea.","description":"Para d\u00favidas ou coment\u00e1rios, conhecer melhor nossos produtos, ou saber mais sobre cat\u00e1logos ou amostras, basta preencher seus dados. Clique aqui.","robots":{"index":"index","follow":"follow","max-snippet":"max-snippet:-1","max-image-preview":"max-image-preview:large","max-video-preview":"max-video-preview:-1"},"canonical":"https:\/\/britannia.ind.br\/contato\/","og_locale":"es_ES","og_type":"article","og_title":"Fale com a Brit\u00e2nnia T\u00eaxtil - Estamos prontos para atender voc\u00ea.","og_description":"Para d\u00favidas ou coment\u00e1rios, conhecer melhor nossos produtos, ou saber mais sobre cat\u00e1logos ou amostras.","og_url":"https:\/\/britannia.ind.br\/contato\/","og_site_name":"Brit\u00e2nnia T\u00eaxtil","article_publisher":"https:\/\/www.facebook.com\/britanniatextil","article_modified_time":"2026-04-13T18:10:01+00:00","og_image":[{"width":1920,"height":1080,"url":"https:\/\/britannia.ind.br\/wp-content\/uploads\/2017\/05\/contato-destaque.jpg","type":"image\/jpeg"}],"twitter_card":"summary_large_image","twitter_title":"Fale com a Brit\u00e2nnia T\u00eaxtil - Estamos prontos para atender voc\u00ea.","twitter_description":"Para d\u00favidas ou coment\u00e1rios, conhecer melhor nossos produtos, ou saber mais sobre cat\u00e1logos ou amostras.","twitter_misc":{"Tiempo de lectura":"1 minuto"},"schema":{"@context":"https:\/\/schema.org","@graph":[{"@type":"WebPage","@id":"https:\/\/britannia.ind.br\/contato\/","url":"https:\/\/britannia.ind.br\/contato\/","name":"Fale com a Brit\u00e2nnia T\u00eaxtil - Estamos prontos para atender voc\u00ea.","isPartOf":{"@id":"https:\/\/britannia.ind.br\/#website"},"primaryImageOfPage":{"@id":"https:\/\/britannia.ind.br\/contato\/#primaryimage"},"image":{"@id":"https:\/\/britannia.ind.br\/contato\/#primaryimage"},"thumbnailUrl":"https:\/\/britannia.ind.br\/wp-content\/uploads\/2017\/05\/contato-destaque.jpg","datePublished":"2017-05-22T21:00:14+00:00","dateModified":"2026-04-13T18:10:01+00:00","description":"Para d\u00favidas ou coment\u00e1rios, conhecer melhor nossos produtos, ou saber mais sobre cat\u00e1logos ou amostras, basta preencher seus dados. Clique aqui.","breadcrumb":{"@id":"https:\/\/britannia.ind.br\/contato\/#breadcrumb"},"inLanguage":"es","potentialAction":[{"@type":"ReadAction","target":["https:\/\/britannia.ind.br\/contato\/"]}]},{"@type":"ImageObject","inLanguage":"es","@id":"https:\/\/britannia.ind.br\/contato\/#primaryimage","url":"https:\/\/britannia.ind.br\/wp-content\/uploads\/2017\/05\/contato-destaque.jpg","contentUrl":"https:\/\/britannia.ind.br\/wp-content\/uploads\/2017\/05\/contato-destaque.jpg","width":1920,"height":1080},{"@type":"BreadcrumbList","@id":"https:\/\/britannia.ind.br\/contato\/#breadcrumb","itemListElement":[{"@type":"ListItem","position":1,"name":"Home","item":"https:\/\/britannia.ind.br\/"},{"@type":"ListItem","position":2,"name":"Contato"}]},{"@type":"WebSite","@id":"https:\/\/britannia.ind.br\/#website","url":"https:\/\/britannia.ind.br\/","name":"Brit\u00e2nnia T\u00eaxtil","description":"","publisher":{"@id":"https:\/\/britannia.ind.br\/#organization"},"potentialAction":[{"@type":"SearchAction","target":{"@type":"EntryPoint","urlTemplate":"https:\/\/britannia.ind.br\/?s={search_term_string}"},"query-input":"required name=search_term_string"}],"inLanguage":"es"},{"@type":"Organization","@id":"https:\/\/britannia.ind.br\/#organization","name":"Britannia T\u00eaxtil","url":"https:\/\/britannia.ind.br\/","logo":{"@type":"ImageObject","inLanguage":"es","@id":"https:\/\/britannia.ind.br\/#\/schema\/logo\/image\/","url":"https:\/\/britannia.ind.br\/wp-content\/uploads\/2023\/12\/Logo-Britannia-Textil-Fundo-Azul.jpg","contentUrl":"https:\/\/britannia.ind.br\/wp-content\/uploads\/2023\/12\/Logo-Britannia-Textil-Fundo-Azul.jpg","width":1170,"height":637,"caption":"Britannia T\u00eaxtil"},"image":{"@id":"https:\/\/britannia.ind.br\/#\/schema\/logo\/image\/"},"sameAs":["https:\/\/www.facebook.com\/britanniatextil","https:\/\/www.instagram.com\/britannia_textil"]}]}},"_links":{"self":[{"href":"https:\/\/britannia.ind.br\/es\/wp-json\/wp\/v2\/pages\/14","targetHints":{"allow":["GET"]}}],"collection":[{"href":"https:\/\/britannia.ind.br\/es\/wp-json\/wp\/v2\/pages"}],"about":[{"href":"https:\/\/britannia.ind.br\/es\/wp-json\/wp\/v2\/types\/page"}],"author":[{"embeddable":true,"href":"https:\/\/britannia.ind.br\/es\/wp-json\/wp\/v2\/users\/5"}],"replies":[{"embeddable":true,"href":"https:\/\/britannia.ind.br\/es\/wp-json\/wp\/v2\/comments?post=14"}],"version-history":[{"count":36,"href":"https:\/\/britannia.ind.br\/es\/wp-json\/wp\/v2\/pages\/14\/revisions"}],"predecessor-version":[{"id":25853,"href":"https:\/\/britannia.ind.br\/es\/wp-json\/wp\/v2\/pages\/14\/revisions\/25853"}],"wp:featuredmedia":[{"embeddable":true,"href":"https:\/\/britannia.ind.br\/es\/wp-json\/wp\/v2\/media\/326"}],"wp:attachment":[{"href":"https:\/\/britannia.ind.br\/es\/wp-json\/wp\/v2\/media?parent=14"}],"curies":[{"name":"wp","href":"https:\/\/api.w.org\/{rel}","templated":true}]}}