{"id":25909,"date":"2026-04-16T09:18:45","date_gmt":"2026-04-16T12:18:45","guid":{"rendered":"https:\/\/britannia.ind.br\/?page_id=25909"},"modified":"2026-04-16T11:00:40","modified_gmt":"2026-04-16T14:00:40","slug":"fita-xadrez","status":"publish","type":"page","link":"https:\/\/britannia.ind.br\/en\/products\/gingham-ribbon\/","title":{"rendered":"Gingham Ribbon"},"content":{"rendered":"<p><\/p>\n<h3>GINGHAM RIBBON FOR APPAREL, HABERDASHERY STORES, FOOTWEAR, BEACHWEAR, CRAFTS AND SEASONAL COLLECTIONS<\/h3>\n<p data-start=\"227\" data-end=\"572\">Brit\u00e2nnia is a <strong data-start=\"242\" data-end=\"273\">gingham ribbon manufacturer<\/strong> for applications in apparel, haberdashery stores, footwear, beachwear, crafts, personalized items and seasonal collections. It is a versatile textile trim with strong visual appeal, ideal for brands and businesses looking for finishing, consistency and greater perceived value in the final product.<\/p>\n<p data-start=\"574\" data-end=\"824\">Gingham ribbon can be applied to bows, children\u2019s clothing, apparel details, accessories, footwear, beachwear pieces, packaging and craft projects. Its classic pattern helps create products that are more attractive, creative and visually distinctive.<\/p>\n<p data-start=\"826\" data-end=\"1073\">It is also widely used in collections and projects for <strong data-start=\"881\" data-end=\"918\">June Festivals, Christmas, Easter<\/strong> and other seasonal occasions, in addition to having strong commercial appeal in haberdashery stores and product lines aimed at the creative retail market.<\/p>\n<p data-start=\"1075\" data-end=\"1286\">At Brit\u00e2nnia, we manufacture <strong data-start=\"1104\" data-end=\"1132\">gingham ribbon wholesale<\/strong> with a focus on quality, consistency and versatility, serving companies looking for a textile trim with commercial application across different segments.<\/p>\n<p><\/p>","protected":false},"excerpt":{"rendered":"<p>GINGHAM RIBBON FOR APPAREL, HABERDASHERY STORES, FOOTWEAR, BEACHWEAR, CRAFTS AND SEASONAL COLLECTIONS Brit\u00e2nnia is a gingham ribbon manufacturer for applications in apparel, haberdashery stores, footwear, beachwear, crafts, personalized items and seasonal collections. It is a versatile textile trim with strong visual appeal, ideal for brands and businesses looking for finishing, consistency and greater perceived value [&hellip;]<\/p>\n","protected":false},"author":5,"featured_media":25917,"parent":5,"menu_order":0,"comment_status":"closed","ping_status":"closed","template":"template-portfolio.php","meta":{"footnotes":""},"class_list":["post-25909","page","type-page","status-publish","has-post-thumbnail","hentry"],"acf":[],"yoast_head":"<!-- This site is optimized with the Yoast SEO plugin v23.3 - https:\/\/yoast.com\/wordpress\/plugins\/seo\/ -->\n<title>Fita Xadrez para Confec\u00e7\u00e3o, Armarinhos e Cal\u00e7ados | Brit\u00e2nnia<\/title>\n<meta name=\"description\" content=\"A Brit\u00e2nnia \u00e9 fabricante de fita xadrez para confec\u00e7\u00e3o, armarinhos, cal\u00e7ados, moda praia, artesanato e datas sazonais.\" \/>\n<meta name=\"robots\" content=\"index, follow, max-snippet:-1, max-image-preview:large, max-video-preview:-1\" \/>\n<link rel=\"canonical\" href=\"https:\/\/britannia.ind.br\/produtos\/fita-xadrez\/\" \/>\n<meta property=\"og:locale\" content=\"en_US\" \/>\n<meta property=\"og:type\" content=\"article\" \/>\n<meta property=\"og:title\" content=\"Fita Xadrez para Confec\u00e7\u00e3o, Armarinhos e Cal\u00e7ados | Brit\u00e2nnia\" \/>\n<meta property=\"og:description\" content=\"A Brit\u00e2nnia \u00e9 fabricante de fita xadrez para confec\u00e7\u00e3o, armarinhos, cal\u00e7ados, moda praia, artesanato e datas sazonais.\" \/>\n<meta property=\"og:url\" content=\"https:\/\/britannia.ind.br\/produtos\/fita-xadrez\/\" \/>\n<meta property=\"og:site_name\" content=\"Brit\u00e2nnia T\u00eaxtil\" \/>\n<meta property=\"article:publisher\" content=\"https:\/\/www.facebook.com\/britanniatextil\" \/>\n<meta property=\"article:modified_time\" content=\"2026-04-16T14:00:40+00:00\" \/>\n<meta property=\"og:image\" content=\"https:\/\/britannia.ind.br\/wp-content\/uploads\/2026\/04\/FITA-XADREZ-BRITANNIA-TEXTIL.jpg\" \/>\n\t<meta property=\"og:image:width\" content=\"1000\" \/>\n\t<meta property=\"og:image:height\" content=\"667\" \/>\n\t<meta property=\"og:image:type\" content=\"image\/jpeg\" \/>\n<meta name=\"twitter:card\" content=\"summary_large_image\" \/>\n<meta name=\"twitter:label1\" content=\"Est. reading time\" \/>\n\t<meta name=\"twitter:data1\" content=\"2 minutes\" \/>\n<script type=\"application\/ld+json\" class=\"yoast-schema-graph\">{\"@context\":\"https:\/\/schema.org\",\"@graph\":[{\"@type\":\"WebPage\",\"@id\":\"https:\/\/britannia.ind.br\/produtos\/fita-xadrez\/\",\"url\":\"https:\/\/britannia.ind.br\/produtos\/fita-xadrez\/\",\"name\":\"Fita Xadrez para Confec\u00e7\u00e3o, Armarinhos e Cal\u00e7ados | Brit\u00e2nnia\",\"isPartOf\":{\"@id\":\"https:\/\/britannia.ind.br\/#website\"},\"primaryImageOfPage\":{\"@id\":\"https:\/\/britannia.ind.br\/produtos\/fita-xadrez\/#primaryimage\"},\"image\":{\"@id\":\"https:\/\/britannia.ind.br\/produtos\/fita-xadrez\/#primaryimage\"},\"thumbnailUrl\":\"https:\/\/britannia.ind.br\/wp-content\/uploads\/2026\/04\/FITA-XADREZ-BRITANNIA-TEXTIL.jpg\",\"datePublished\":\"2026-04-16T12:18:45+00:00\",\"dateModified\":\"2026-04-16T14:00:40+00:00\",\"description\":\"A Brit\u00e2nnia \u00e9 fabricante de fita xadrez para confec\u00e7\u00e3o, armarinhos, cal\u00e7ados, moda praia, artesanato e datas sazonais.\",\"breadcrumb\":{\"@id\":\"https:\/\/britannia.ind.br\/produtos\/fita-xadrez\/#breadcrumb\"},\"inLanguage\":\"en-US\",\"potentialAction\":[{\"@type\":\"ReadAction\",\"target\":[\"https:\/\/britannia.ind.br\/produtos\/fita-xadrez\/\"]}]},{\"@type\":\"ImageObject\",\"inLanguage\":\"en-US\",\"@id\":\"https:\/\/britannia.ind.br\/produtos\/fita-xadrez\/#primaryimage\",\"url\":\"https:\/\/britannia.ind.br\/wp-content\/uploads\/2026\/04\/FITA-XADREZ-BRITANNIA-TEXTIL.jpg\",\"contentUrl\":\"https:\/\/britannia.ind.br\/wp-content\/uploads\/2026\/04\/FITA-XADREZ-BRITANNIA-TEXTIL.jpg\",\"width\":1000,\"height\":667},{\"@type\":\"BreadcrumbList\",\"@id\":\"https:\/\/britannia.ind.br\/produtos\/fita-xadrez\/#breadcrumb\",\"itemListElement\":[{\"@type\":\"ListItem\",\"position\":1,\"name\":\"Home\",\"item\":\"https:\/\/britannia.ind.br\/\"},{\"@type\":\"ListItem\",\"position\":2,\"name\":\"Products\",\"item\":\"https:\/\/britannia.ind.br\/en\/products\/\"},{\"@type\":\"ListItem\",\"position\":3,\"name\":\"Fita Xadrez\"}]},{\"@type\":\"WebSite\",\"@id\":\"https:\/\/britannia.ind.br\/#website\",\"url\":\"https:\/\/britannia.ind.br\/\",\"name\":\"Brit\u00e2nnia T\u00eaxtil\",\"description\":\"\",\"publisher\":{\"@id\":\"https:\/\/britannia.ind.br\/#organization\"},\"potentialAction\":[{\"@type\":\"SearchAction\",\"target\":{\"@type\":\"EntryPoint\",\"urlTemplate\":\"https:\/\/britannia.ind.br\/?s={search_term_string}\"},\"query-input\":\"required name=search_term_string\"}],\"inLanguage\":\"en-US\"},{\"@type\":\"Organization\",\"@id\":\"https:\/\/britannia.ind.br\/#organization\",\"name\":\"Britannia T\u00eaxtil\",\"url\":\"https:\/\/britannia.ind.br\/\",\"logo\":{\"@type\":\"ImageObject\",\"inLanguage\":\"en-US\",\"@id\":\"https:\/\/britannia.ind.br\/#\/schema\/logo\/image\/\",\"url\":\"https:\/\/britannia.ind.br\/wp-content\/uploads\/2023\/12\/Logo-Britannia-Textil-Fundo-Azul.jpg\",\"contentUrl\":\"https:\/\/britannia.ind.br\/wp-content\/uploads\/2023\/12\/Logo-Britannia-Textil-Fundo-Azul.jpg\",\"width\":1170,\"height\":637,\"caption\":\"Britannia T\u00eaxtil\"},\"image\":{\"@id\":\"https:\/\/britannia.ind.br\/#\/schema\/logo\/image\/\"},\"sameAs\":[\"https:\/\/www.facebook.com\/britanniatextil\",\"https:\/\/www.instagram.com\/britannia_textil\"]}]}<\/script>\n<!-- \/ Yoast SEO plugin. -->","yoast_head_json":{"title":"Fita Xadrez para Confec\u00e7\u00e3o, Armarinhos e Cal\u00e7ados | Brit\u00e2nnia","description":"A Brit\u00e2nnia \u00e9 fabricante de fita xadrez para confec\u00e7\u00e3o, armarinhos, cal\u00e7ados, moda praia, artesanato e datas sazonais.","robots":{"index":"index","follow":"follow","max-snippet":"max-snippet:-1","max-image-preview":"max-image-preview:large","max-video-preview":"max-video-preview:-1"},"canonical":"https:\/\/britannia.ind.br\/produtos\/fita-xadrez\/","og_locale":"en_US","og_type":"article","og_title":"Fita Xadrez para Confec\u00e7\u00e3o, Armarinhos e Cal\u00e7ados | Brit\u00e2nnia","og_description":"A Brit\u00e2nnia \u00e9 fabricante de fita xadrez para confec\u00e7\u00e3o, armarinhos, cal\u00e7ados, moda praia, artesanato e datas sazonais.","og_url":"https:\/\/britannia.ind.br\/produtos\/fita-xadrez\/","og_site_name":"Brit\u00e2nnia T\u00eaxtil","article_publisher":"https:\/\/www.facebook.com\/britanniatextil","article_modified_time":"2026-04-16T14:00:40+00:00","og_image":[{"width":1000,"height":667,"url":"https:\/\/britannia.ind.br\/wp-content\/uploads\/2026\/04\/FITA-XADREZ-BRITANNIA-TEXTIL.jpg","type":"image\/jpeg"}],"twitter_card":"summary_large_image","twitter_misc":{"Est. reading time":"2 minutes"},"schema":{"@context":"https:\/\/schema.org","@graph":[{"@type":"WebPage","@id":"https:\/\/britannia.ind.br\/produtos\/fita-xadrez\/","url":"https:\/\/britannia.ind.br\/produtos\/fita-xadrez\/","name":"Fita Xadrez para Confec\u00e7\u00e3o, Armarinhos e Cal\u00e7ados | Brit\u00e2nnia","isPartOf":{"@id":"https:\/\/britannia.ind.br\/#website"},"primaryImageOfPage":{"@id":"https:\/\/britannia.ind.br\/produtos\/fita-xadrez\/#primaryimage"},"image":{"@id":"https:\/\/britannia.ind.br\/produtos\/fita-xadrez\/#primaryimage"},"thumbnailUrl":"https:\/\/britannia.ind.br\/wp-content\/uploads\/2026\/04\/FITA-XADREZ-BRITANNIA-TEXTIL.jpg","datePublished":"2026-04-16T12:18:45+00:00","dateModified":"2026-04-16T14:00:40+00:00","description":"A Brit\u00e2nnia \u00e9 fabricante de fita xadrez para confec\u00e7\u00e3o, armarinhos, cal\u00e7ados, moda praia, artesanato e datas sazonais.","breadcrumb":{"@id":"https:\/\/britannia.ind.br\/produtos\/fita-xadrez\/#breadcrumb"},"inLanguage":"en-US","potentialAction":[{"@type":"ReadAction","target":["https:\/\/britannia.ind.br\/produtos\/fita-xadrez\/"]}]},{"@type":"ImageObject","inLanguage":"en-US","@id":"https:\/\/britannia.ind.br\/produtos\/fita-xadrez\/#primaryimage","url":"https:\/\/britannia.ind.br\/wp-content\/uploads\/2026\/04\/FITA-XADREZ-BRITANNIA-TEXTIL.jpg","contentUrl":"https:\/\/britannia.ind.br\/wp-content\/uploads\/2026\/04\/FITA-XADREZ-BRITANNIA-TEXTIL.jpg","width":1000,"height":667},{"@type":"BreadcrumbList","@id":"https:\/\/britannia.ind.br\/produtos\/fita-xadrez\/#breadcrumb","itemListElement":[{"@type":"ListItem","position":1,"name":"Home","item":"https:\/\/britannia.ind.br\/"},{"@type":"ListItem","position":2,"name":"Products","item":"https:\/\/britannia.ind.br\/en\/products\/"},{"@type":"ListItem","position":3,"name":"Fita Xadrez"}]},{"@type":"WebSite","@id":"https:\/\/britannia.ind.br\/#website","url":"https:\/\/britannia.ind.br\/","name":"Brit\u00e2nnia T\u00eaxtil","description":"","publisher":{"@id":"https:\/\/britannia.ind.br\/#organization"},"potentialAction":[{"@type":"SearchAction","target":{"@type":"EntryPoint","urlTemplate":"https:\/\/britannia.ind.br\/?s={search_term_string}"},"query-input":"required name=search_term_string"}],"inLanguage":"en-US"},{"@type":"Organization","@id":"https:\/\/britannia.ind.br\/#organization","name":"Britannia T\u00eaxtil","url":"https:\/\/britannia.ind.br\/","logo":{"@type":"ImageObject","inLanguage":"en-US","@id":"https:\/\/britannia.ind.br\/#\/schema\/logo\/image\/","url":"https:\/\/britannia.ind.br\/wp-content\/uploads\/2023\/12\/Logo-Britannia-Textil-Fundo-Azul.jpg","contentUrl":"https:\/\/britannia.ind.br\/wp-content\/uploads\/2023\/12\/Logo-Britannia-Textil-Fundo-Azul.jpg","width":1170,"height":637,"caption":"Britannia T\u00eaxtil"},"image":{"@id":"https:\/\/britannia.ind.br\/#\/schema\/logo\/image\/"},"sameAs":["https:\/\/www.facebook.com\/britanniatextil","https:\/\/www.instagram.com\/britannia_textil"]}]}},"_links":{"self":[{"href":"https:\/\/britannia.ind.br\/en\/wp-json\/wp\/v2\/pages\/25909","targetHints":{"allow":["GET"]}}],"collection":[{"href":"https:\/\/britannia.ind.br\/en\/wp-json\/wp\/v2\/pages"}],"about":[{"href":"https:\/\/britannia.ind.br\/en\/wp-json\/wp\/v2\/types\/page"}],"author":[{"embeddable":true,"href":"https:\/\/britannia.ind.br\/en\/wp-json\/wp\/v2\/users\/5"}],"replies":[{"embeddable":true,"href":"https:\/\/britannia.ind.br\/en\/wp-json\/wp\/v2\/comments?post=25909"}],"version-history":[{"count":6,"href":"https:\/\/britannia.ind.br\/en\/wp-json\/wp\/v2\/pages\/25909\/revisions"}],"predecessor-version":[{"id":25919,"href":"https:\/\/britannia.ind.br\/en\/wp-json\/wp\/v2\/pages\/25909\/revisions\/25919"}],"up":[{"embeddable":true,"href":"https:\/\/britannia.ind.br\/en\/wp-json\/wp\/v2\/pages\/5"}],"wp:featuredmedia":[{"embeddable":true,"href":"https:\/\/britannia.ind.br\/en\/wp-json\/wp\/v2\/media\/25917"}],"wp:attachment":[{"href":"https:\/\/britannia.ind.br\/en\/wp-json\/wp\/v2\/media?parent=25909"}],"curies":[{"name":"wp","href":"https:\/\/api.w.org\/{rel}","templated":true}]}}