{"id":25891,"date":"2026-04-15T15:04:17","date_gmt":"2026-04-15T18:04:17","guid":{"rendered":"https:\/\/britannia.ind.br\/?page_id=25891"},"modified":"2026-04-15T16:05:03","modified_gmt":"2026-04-15T19:05:03","slug":"fita-pompom","status":"publish","type":"page","link":"https:\/\/britannia.ind.br\/en\/products\/pom-pom-trim\/","title":{"rendered":"Pom-pom trim"},"content":{"rendered":"<p><\/p>\n<h3>POM POM TRIM FOR FASHION, CRAFTS, DECORATION AND CUSTOM CREATIONS<\/h3>\n<p data-start=\"202\" data-end=\"664\">Brit\u00e2nnia is a manufacturer of <strong data-start=\"233\" data-end=\"249\">pom pom trim<\/strong> for applications in <strong data-start=\"270\" data-end=\"292\">children\u2019s fashion<\/strong>, <strong data-start=\"294\" data-end=\"304\">crafts<\/strong>, <strong data-start=\"306\" data-end=\"320\">decoration<\/strong>, <strong data-start=\"322\" data-end=\"342\">custom creations<\/strong>, <strong data-start=\"344\" data-end=\"356\">costumes<\/strong>, <strong data-start=\"358\" data-end=\"373\">accessories<\/strong>, <strong data-start=\"375\" data-end=\"388\">packaging<\/strong> and creative projects with a distinctive finish. With a playful look, delicate touch and strong decorative appeal, this trimming is ideal for brands, ateliers, garment manufacturers, decorators and professionals seeking more charm, movement and personality in every creation.<\/p>\n<p data-start=\"666\" data-end=\"1138\">Widely used in pieces that call for color, texture and a striking visual effect, pom pom trim is increasingly present in <strong data-start=\"787\" data-end=\"810\">children\u2019s clothing<\/strong>, <strong data-start=\"812\" data-end=\"820\">bows<\/strong>, <strong data-start=\"822\" data-end=\"834\">costumes<\/strong>, <strong data-start=\"836\" data-end=\"848\">cushions<\/strong>, <strong data-start=\"850\" data-end=\"862\">curtains<\/strong>, <strong data-start=\"864\" data-end=\"880\">party favors<\/strong>, <strong data-start=\"882\" data-end=\"902\">party decoration<\/strong>, <strong data-start=\"904\" data-end=\"925\">special packaging<\/strong> and handcrafted applications. Its finish enhances the final product and helps create compositions that are more cheerful, delicate and visually memorable, meeting the demand for items that enchant through detail.<\/p>\n<p data-start=\"1140\" data-end=\"1583\">At Brit\u00e2nnia, we develop this product for the wholesale market with a focus on quality, consistency and versatility, serving both the crafts and custom creations market as well as the fashion and decoration segments. More than just a finish, pom pom trim has become a creative resource that adds value, reinforces the identity of each piece and expands the possibilities of products designed to stand out through originality and visual appeal.<\/p>\n<p><\/p>","protected":false},"excerpt":{"rendered":"<p>POM POM TRIM FOR FASHION, CRAFTS, DECORATION AND CUSTOM CREATIONS Brit\u00e2nnia is a manufacturer of pom pom trim for applications in children\u2019s fashion, crafts, decoration, custom creations, costumes, accessories, packaging and creative projects with a distinctive finish. With a playful look, delicate touch and strong decorative appeal, this trimming is ideal for brands, ateliers, garment [&hellip;]<\/p>\n","protected":false},"author":5,"featured_media":486,"parent":5,"menu_order":93,"comment_status":"closed","ping_status":"closed","template":"template-portfolio.php","meta":{"footnotes":""},"class_list":["post-25891","page","type-page","status-publish","has-post-thumbnail","hentry"],"acf":[],"yoast_head":"<!-- This site is optimized with the Yoast SEO plugin v23.3 - https:\/\/yoast.com\/wordpress\/plugins\/seo\/ -->\n<title>Fita Pompom no Atacado para Artesanato, Moda e Decora\u00e7\u00e3o | Brit\u00e2nnia<\/title>\n<meta name=\"description\" content=\"A Brit\u00e2nnia \u00e9 fabricante de fita pompom no atacado para artesanato, decora\u00e7\u00e3o, moda infantil, personalizados e acess\u00f3rios com acabamento padronizado.\" \/>\n<meta name=\"robots\" content=\"index, follow, max-snippet:-1, max-image-preview:large, max-video-preview:-1\" \/>\n<link rel=\"canonical\" href=\"https:\/\/britannia.ind.br\/en\/products\/pom-pom-trim\/\" \/>\n<meta property=\"og:locale\" content=\"en_US\" \/>\n<meta property=\"og:type\" content=\"article\" \/>\n<meta property=\"og:title\" content=\"Fita Pompom no Atacado para Artesanato, Moda e Decora\u00e7\u00e3o | Brit\u00e2nnia\" \/>\n<meta property=\"og:description\" content=\"A Brit\u00e2nnia \u00e9 fabricante de fita pompom no atacado para artesanato, decora\u00e7\u00e3o, moda infantil, personalizados e acess\u00f3rios com acabamento padronizado.\" \/>\n<meta property=\"og:url\" content=\"https:\/\/britannia.ind.br\/en\/products\/pom-pom-trim\/\" \/>\n<meta property=\"og:site_name\" content=\"Brit\u00e2nnia T\u00eaxtil\" \/>\n<meta property=\"article:publisher\" content=\"https:\/\/www.facebook.com\/britanniatextil\" \/>\n<meta property=\"article:modified_time\" content=\"2026-04-15T19:05:03+00:00\" \/>\n<meta property=\"og:image\" content=\"https:\/\/britannia.ind.br\/wp-content\/uploads\/2017\/05\/fita-rigida-britannia_p01-1000x667.jpg\" \/>\n\t<meta property=\"og:image:width\" content=\"1000\" \/>\n\t<meta property=\"og:image:height\" content=\"667\" \/>\n\t<meta property=\"og:image:type\" content=\"image\/jpeg\" \/>\n<meta name=\"twitter:card\" content=\"summary_large_image\" \/>\n<meta name=\"twitter:label1\" content=\"Est. reading time\" \/>\n\t<meta name=\"twitter:data1\" content=\"2 minutes\" \/>\n<script type=\"application\/ld+json\" class=\"yoast-schema-graph\">{\"@context\":\"https:\/\/schema.org\",\"@graph\":[{\"@type\":\"WebPage\",\"@id\":\"https:\/\/britannia.ind.br\/en\/products\/pom-pom-trim\/\",\"url\":\"https:\/\/britannia.ind.br\/en\/products\/pom-pom-trim\/\",\"name\":\"Fita Pompom no Atacado para Artesanato, Moda e Decora\u00e7\u00e3o | Brit\u00e2nnia\",\"isPartOf\":{\"@id\":\"https:\/\/britannia.ind.br\/#website\"},\"primaryImageOfPage\":{\"@id\":\"https:\/\/britannia.ind.br\/en\/products\/pom-pom-trim\/#primaryimage\"},\"image\":{\"@id\":\"https:\/\/britannia.ind.br\/en\/products\/pom-pom-trim\/#primaryimage\"},\"thumbnailUrl\":\"https:\/\/britannia.ind.br\/wp-content\/uploads\/2017\/05\/fita-rigida-britannia_p01-1000x667.jpg\",\"datePublished\":\"2026-04-15T18:04:17+00:00\",\"dateModified\":\"2026-04-15T19:05:03+00:00\",\"description\":\"A Brit\u00e2nnia \u00e9 fabricante de fita pompom no atacado para artesanato, decora\u00e7\u00e3o, moda infantil, personalizados e acess\u00f3rios com acabamento padronizado.\",\"breadcrumb\":{\"@id\":\"https:\/\/britannia.ind.br\/en\/products\/pom-pom-trim\/#breadcrumb\"},\"inLanguage\":\"en-US\",\"potentialAction\":[{\"@type\":\"ReadAction\",\"target\":[\"https:\/\/britannia.ind.br\/en\/products\/pom-pom-trim\/\"]}]},{\"@type\":\"ImageObject\",\"inLanguage\":\"en-US\",\"@id\":\"https:\/\/britannia.ind.br\/en\/products\/pom-pom-trim\/#primaryimage\",\"url\":\"https:\/\/britannia.ind.br\/wp-content\/uploads\/2017\/05\/fita-rigida-britannia_p01-1000x667.jpg\",\"contentUrl\":\"https:\/\/britannia.ind.br\/wp-content\/uploads\/2017\/05\/fita-rigida-britannia_p01-1000x667.jpg\",\"width\":1000,\"height\":667,\"caption\":\"Fita pompom 9038\"},{\"@type\":\"BreadcrumbList\",\"@id\":\"https:\/\/britannia.ind.br\/en\/products\/pom-pom-trim\/#breadcrumb\",\"itemListElement\":[{\"@type\":\"ListItem\",\"position\":1,\"name\":\"Home\",\"item\":\"https:\/\/britannia.ind.br\/\"},{\"@type\":\"ListItem\",\"position\":2,\"name\":\"Products\",\"item\":\"https:\/\/britannia.ind.br\/en\/products\/\"},{\"@type\":\"ListItem\",\"position\":3,\"name\":\"Pom-pom trim\"}]},{\"@type\":\"WebSite\",\"@id\":\"https:\/\/britannia.ind.br\/#website\",\"url\":\"https:\/\/britannia.ind.br\/\",\"name\":\"Brit\u00e2nnia T\u00eaxtil\",\"description\":\"\",\"publisher\":{\"@id\":\"https:\/\/britannia.ind.br\/#organization\"},\"potentialAction\":[{\"@type\":\"SearchAction\",\"target\":{\"@type\":\"EntryPoint\",\"urlTemplate\":\"https:\/\/britannia.ind.br\/?s={search_term_string}\"},\"query-input\":\"required name=search_term_string\"}],\"inLanguage\":\"en-US\"},{\"@type\":\"Organization\",\"@id\":\"https:\/\/britannia.ind.br\/#organization\",\"name\":\"Britannia T\u00eaxtil\",\"url\":\"https:\/\/britannia.ind.br\/\",\"logo\":{\"@type\":\"ImageObject\",\"inLanguage\":\"en-US\",\"@id\":\"https:\/\/britannia.ind.br\/#\/schema\/logo\/image\/\",\"url\":\"https:\/\/britannia.ind.br\/wp-content\/uploads\/2023\/12\/Logo-Britannia-Textil-Fundo-Azul.jpg\",\"contentUrl\":\"https:\/\/britannia.ind.br\/wp-content\/uploads\/2023\/12\/Logo-Britannia-Textil-Fundo-Azul.jpg\",\"width\":1170,\"height\":637,\"caption\":\"Britannia T\u00eaxtil\"},\"image\":{\"@id\":\"https:\/\/britannia.ind.br\/#\/schema\/logo\/image\/\"},\"sameAs\":[\"https:\/\/www.facebook.com\/britanniatextil\",\"https:\/\/www.instagram.com\/britannia_textil\"]}]}<\/script>\n<!-- \/ Yoast SEO plugin. -->","yoast_head_json":{"title":"Fita Pompom no Atacado para Artesanato, Moda e Decora\u00e7\u00e3o | Brit\u00e2nnia","description":"A Brit\u00e2nnia \u00e9 fabricante de fita pompom no atacado para artesanato, decora\u00e7\u00e3o, moda infantil, personalizados e acess\u00f3rios com acabamento padronizado.","robots":{"index":"index","follow":"follow","max-snippet":"max-snippet:-1","max-image-preview":"max-image-preview:large","max-video-preview":"max-video-preview:-1"},"canonical":"https:\/\/britannia.ind.br\/en\/products\/pom-pom-trim\/","og_locale":"en_US","og_type":"article","og_title":"Fita Pompom no Atacado para Artesanato, Moda e Decora\u00e7\u00e3o | Brit\u00e2nnia","og_description":"A Brit\u00e2nnia \u00e9 fabricante de fita pompom no atacado para artesanato, decora\u00e7\u00e3o, moda infantil, personalizados e acess\u00f3rios com acabamento padronizado.","og_url":"https:\/\/britannia.ind.br\/en\/products\/pom-pom-trim\/","og_site_name":"Brit\u00e2nnia T\u00eaxtil","article_publisher":"https:\/\/www.facebook.com\/britanniatextil","article_modified_time":"2026-04-15T19:05:03+00:00","og_image":[{"width":1000,"height":667,"url":"https:\/\/britannia.ind.br\/wp-content\/uploads\/2017\/05\/fita-rigida-britannia_p01-1000x667.jpg","type":"image\/jpeg"}],"twitter_card":"summary_large_image","twitter_misc":{"Est. reading time":"2 minutes"},"schema":{"@context":"https:\/\/schema.org","@graph":[{"@type":"WebPage","@id":"https:\/\/britannia.ind.br\/en\/products\/pom-pom-trim\/","url":"https:\/\/britannia.ind.br\/en\/products\/pom-pom-trim\/","name":"Fita Pompom no Atacado para Artesanato, Moda e Decora\u00e7\u00e3o | Brit\u00e2nnia","isPartOf":{"@id":"https:\/\/britannia.ind.br\/#website"},"primaryImageOfPage":{"@id":"https:\/\/britannia.ind.br\/en\/products\/pom-pom-trim\/#primaryimage"},"image":{"@id":"https:\/\/britannia.ind.br\/en\/products\/pom-pom-trim\/#primaryimage"},"thumbnailUrl":"https:\/\/britannia.ind.br\/wp-content\/uploads\/2017\/05\/fita-rigida-britannia_p01-1000x667.jpg","datePublished":"2026-04-15T18:04:17+00:00","dateModified":"2026-04-15T19:05:03+00:00","description":"A Brit\u00e2nnia \u00e9 fabricante de fita pompom no atacado para artesanato, decora\u00e7\u00e3o, moda infantil, personalizados e acess\u00f3rios com acabamento padronizado.","breadcrumb":{"@id":"https:\/\/britannia.ind.br\/en\/products\/pom-pom-trim\/#breadcrumb"},"inLanguage":"en-US","potentialAction":[{"@type":"ReadAction","target":["https:\/\/britannia.ind.br\/en\/products\/pom-pom-trim\/"]}]},{"@type":"ImageObject","inLanguage":"en-US","@id":"https:\/\/britannia.ind.br\/en\/products\/pom-pom-trim\/#primaryimage","url":"https:\/\/britannia.ind.br\/wp-content\/uploads\/2017\/05\/fita-rigida-britannia_p01-1000x667.jpg","contentUrl":"https:\/\/britannia.ind.br\/wp-content\/uploads\/2017\/05\/fita-rigida-britannia_p01-1000x667.jpg","width":1000,"height":667,"caption":"Fita pompom 9038"},{"@type":"BreadcrumbList","@id":"https:\/\/britannia.ind.br\/en\/products\/pom-pom-trim\/#breadcrumb","itemListElement":[{"@type":"ListItem","position":1,"name":"Home","item":"https:\/\/britannia.ind.br\/"},{"@type":"ListItem","position":2,"name":"Products","item":"https:\/\/britannia.ind.br\/en\/products\/"},{"@type":"ListItem","position":3,"name":"Pom-pom trim"}]},{"@type":"WebSite","@id":"https:\/\/britannia.ind.br\/#website","url":"https:\/\/britannia.ind.br\/","name":"Brit\u00e2nnia T\u00eaxtil","description":"","publisher":{"@id":"https:\/\/britannia.ind.br\/#organization"},"potentialAction":[{"@type":"SearchAction","target":{"@type":"EntryPoint","urlTemplate":"https:\/\/britannia.ind.br\/?s={search_term_string}"},"query-input":"required name=search_term_string"}],"inLanguage":"en-US"},{"@type":"Organization","@id":"https:\/\/britannia.ind.br\/#organization","name":"Britannia T\u00eaxtil","url":"https:\/\/britannia.ind.br\/","logo":{"@type":"ImageObject","inLanguage":"en-US","@id":"https:\/\/britannia.ind.br\/#\/schema\/logo\/image\/","url":"https:\/\/britannia.ind.br\/wp-content\/uploads\/2023\/12\/Logo-Britannia-Textil-Fundo-Azul.jpg","contentUrl":"https:\/\/britannia.ind.br\/wp-content\/uploads\/2023\/12\/Logo-Britannia-Textil-Fundo-Azul.jpg","width":1170,"height":637,"caption":"Britannia T\u00eaxtil"},"image":{"@id":"https:\/\/britannia.ind.br\/#\/schema\/logo\/image\/"},"sameAs":["https:\/\/www.facebook.com\/britanniatextil","https:\/\/www.instagram.com\/britannia_textil"]}]}},"_links":{"self":[{"href":"https:\/\/britannia.ind.br\/en\/wp-json\/wp\/v2\/pages\/25891","targetHints":{"allow":["GET"]}}],"collection":[{"href":"https:\/\/britannia.ind.br\/en\/wp-json\/wp\/v2\/pages"}],"about":[{"href":"https:\/\/britannia.ind.br\/en\/wp-json\/wp\/v2\/types\/page"}],"author":[{"embeddable":true,"href":"https:\/\/britannia.ind.br\/en\/wp-json\/wp\/v2\/users\/5"}],"replies":[{"embeddable":true,"href":"https:\/\/britannia.ind.br\/en\/wp-json\/wp\/v2\/comments?post=25891"}],"version-history":[{"count":4,"href":"https:\/\/britannia.ind.br\/en\/wp-json\/wp\/v2\/pages\/25891\/revisions"}],"predecessor-version":[{"id":25904,"href":"https:\/\/britannia.ind.br\/en\/wp-json\/wp\/v2\/pages\/25891\/revisions\/25904"}],"up":[{"embeddable":true,"href":"https:\/\/britannia.ind.br\/en\/wp-json\/wp\/v2\/pages\/5"}],"wp:featuredmedia":[{"embeddable":true,"href":"https:\/\/britannia.ind.br\/en\/wp-json\/wp\/v2\/media\/486"}],"wp:attachment":[{"href":"https:\/\/britannia.ind.br\/en\/wp-json\/wp\/v2\/media?parent=25891"}],"curies":[{"name":"wp","href":"https:\/\/api.w.org\/{rel}","templated":true}]}}