{"id":231,"date":"2017-06-19T17:23:06","date_gmt":"2017-06-19T20:23:06","guid":{"rendered":"http:\/\/www.britannia.ind.br\/?page_id=231"},"modified":"2023-12-18T14:41:38","modified_gmt":"2023-12-18T17:41:38","slug":"catalogos","status":"publish","type":"page","link":"https:\/\/britannia.ind.br\/en\/catalogs\/","title":{"rendered":"CATALOGS"},"content":{"rendered":"<p><\/p>\n<h3>TRENDS, IDEAS AND ALL BRIT\u00c2NNIA`S PRODUCTS FOR YOU!<\/h3>\n<p><\/p>","protected":false},"excerpt":{"rendered":"<p>TRENDS, IDEAS AND ALL BRIT\u00c2NNIA`S PRODUCTS FOR YOU!<\/p>\n","protected":false},"author":2,"featured_media":525,"parent":0,"menu_order":0,"comment_status":"closed","ping_status":"closed","template":"","meta":{"footnotes":""},"class_list":["post-231","page","type-page","status-publish","has-post-thumbnail","hentry"],"acf":[],"yoast_head":"<!-- This site is optimized with the Yoast SEO plugin v23.3 - https:\/\/yoast.com\/wordpress\/plugins\/seo\/ -->\n<title>Cat\u00e1logos Brit\u00e2nnia T\u00eaxtil - El\u00e1sticos de embutir, fitas el\u00e1sticas, r\u00edgidas, cord\u00f5es tran\u00e7ados (tran\u00e7as)<\/title>\n<meta name=\"description\" content=\"Temos uma sele\u00e7\u00e3o de cat\u00e1logos especialmente feitos para mostrar as tend\u00eancias em fitas el\u00e1sticas, el\u00e1sticos de embutir, fitas r\u00edgidas, cord\u00f5es tran\u00e7ados (tran\u00e7as), la\u00e7os e aplaica\u00e7\u00f5es, tress\u00eas. Entre em contato conosco!\" \/>\n<meta name=\"robots\" content=\"index, follow, max-snippet:-1, max-image-preview:large, max-video-preview:-1\" \/>\n<link rel=\"canonical\" href=\"https:\/\/britannia.ind.br\/catalogos\/\" \/>\n<meta property=\"og:locale\" content=\"en_US\" \/>\n<meta property=\"og:type\" content=\"article\" \/>\n<meta property=\"og:title\" content=\"Cat\u00e1logos Brit\u00e2nnia\" \/>\n<meta property=\"og:description\" content=\"Confirma nossa lista de cat\u00e1logos e conhe\u00e7a mais sobre nossos produtos.\" \/>\n<meta property=\"og:url\" content=\"https:\/\/britannia.ind.br\/catalogos\/\" \/>\n<meta property=\"og:site_name\" content=\"Brit\u00e2nnia T\u00eaxtil\" \/>\n<meta property=\"article:publisher\" content=\"https:\/\/www.facebook.com\/britanniatextil\" \/>\n<meta property=\"article:modified_time\" content=\"2023-12-18T17:41:38+00:00\" \/>\n<meta property=\"og:image\" content=\"https:\/\/britannia.ind.br\/wp-content\/uploads\/2017\/06\/ondeencontrar-destaque.jpg\" \/>\n\t<meta property=\"og:image:width\" content=\"1920\" \/>\n\t<meta property=\"og:image:height\" content=\"1080\" \/>\n\t<meta property=\"og:image:type\" content=\"image\/jpeg\" \/>\n<meta name=\"twitter:card\" content=\"summary_large_image\" \/>\n<meta name=\"twitter:title\" content=\"Cat\u00e1logos Brit\u00e2nnia\" \/>\n<meta name=\"twitter:description\" content=\"Confirma nossa lista de cat\u00e1logos e conhe\u00e7a mais sobre nossos produtos.\" \/>\n<meta name=\"twitter:label1\" content=\"Est. reading time\" \/>\n\t<meta name=\"twitter:data1\" content=\"1 minute\" \/>\n<script type=\"application\/ld+json\" class=\"yoast-schema-graph\">{\"@context\":\"https:\/\/schema.org\",\"@graph\":[{\"@type\":\"WebPage\",\"@id\":\"https:\/\/britannia.ind.br\/catalogos\/\",\"url\":\"https:\/\/britannia.ind.br\/catalogos\/\",\"name\":\"Cat\u00e1logos Brit\u00e2nnia T\u00eaxtil - El\u00e1sticos de embutir, fitas el\u00e1sticas, r\u00edgidas, cord\u00f5es tran\u00e7ados (tran\u00e7as)\",\"isPartOf\":{\"@id\":\"https:\/\/britannia.ind.br\/#website\"},\"primaryImageOfPage\":{\"@id\":\"https:\/\/britannia.ind.br\/catalogos\/#primaryimage\"},\"image\":{\"@id\":\"https:\/\/britannia.ind.br\/catalogos\/#primaryimage\"},\"thumbnailUrl\":\"https:\/\/britannia.ind.br\/wp-content\/uploads\/2017\/06\/ondeencontrar-destaque.jpg\",\"datePublished\":\"2017-06-19T20:23:06+00:00\",\"dateModified\":\"2023-12-18T17:41:38+00:00\",\"description\":\"Temos uma sele\u00e7\u00e3o de cat\u00e1logos especialmente feitos para mostrar as tend\u00eancias em fitas el\u00e1sticas, el\u00e1sticos de embutir, fitas r\u00edgidas, cord\u00f5es tran\u00e7ados (tran\u00e7as), la\u00e7os e aplaica\u00e7\u00f5es, tress\u00eas. Entre em contato conosco!\",\"breadcrumb\":{\"@id\":\"https:\/\/britannia.ind.br\/catalogos\/#breadcrumb\"},\"inLanguage\":\"en-US\",\"potentialAction\":[{\"@type\":\"ReadAction\",\"target\":[\"https:\/\/britannia.ind.br\/catalogos\/\"]}]},{\"@type\":\"ImageObject\",\"inLanguage\":\"en-US\",\"@id\":\"https:\/\/britannia.ind.br\/catalogos\/#primaryimage\",\"url\":\"https:\/\/britannia.ind.br\/wp-content\/uploads\/2017\/06\/ondeencontrar-destaque.jpg\",\"contentUrl\":\"https:\/\/britannia.ind.br\/wp-content\/uploads\/2017\/06\/ondeencontrar-destaque.jpg\",\"width\":1920,\"height\":1080,\"caption\":\"Cat\u00e1logos Brit\u00e2nnia\"},{\"@type\":\"BreadcrumbList\",\"@id\":\"https:\/\/britannia.ind.br\/catalogos\/#breadcrumb\",\"itemListElement\":[{\"@type\":\"ListItem\",\"position\":1,\"name\":\"Home\",\"item\":\"https:\/\/britannia.ind.br\/\"},{\"@type\":\"ListItem\",\"position\":2,\"name\":\"Cat\u00e1logos\"}]},{\"@type\":\"WebSite\",\"@id\":\"https:\/\/britannia.ind.br\/#website\",\"url\":\"https:\/\/britannia.ind.br\/\",\"name\":\"Brit\u00e2nnia T\u00eaxtil\",\"description\":\"\",\"publisher\":{\"@id\":\"https:\/\/britannia.ind.br\/#organization\"},\"potentialAction\":[{\"@type\":\"SearchAction\",\"target\":{\"@type\":\"EntryPoint\",\"urlTemplate\":\"https:\/\/britannia.ind.br\/?s={search_term_string}\"},\"query-input\":\"required name=search_term_string\"}],\"inLanguage\":\"en-US\"},{\"@type\":\"Organization\",\"@id\":\"https:\/\/britannia.ind.br\/#organization\",\"name\":\"Britannia T\u00eaxtil\",\"url\":\"https:\/\/britannia.ind.br\/\",\"logo\":{\"@type\":\"ImageObject\",\"inLanguage\":\"en-US\",\"@id\":\"https:\/\/britannia.ind.br\/#\/schema\/logo\/image\/\",\"url\":\"https:\/\/britannia.ind.br\/wp-content\/uploads\/2023\/12\/Logo-Britannia-Textil-Fundo-Azul.jpg\",\"contentUrl\":\"https:\/\/britannia.ind.br\/wp-content\/uploads\/2023\/12\/Logo-Britannia-Textil-Fundo-Azul.jpg\",\"width\":1170,\"height\":637,\"caption\":\"Britannia T\u00eaxtil\"},\"image\":{\"@id\":\"https:\/\/britannia.ind.br\/#\/schema\/logo\/image\/\"},\"sameAs\":[\"https:\/\/www.facebook.com\/britanniatextil\",\"https:\/\/www.instagram.com\/britannia_textil\"]}]}<\/script>\n<!-- \/ Yoast SEO plugin. -->","yoast_head_json":{"title":"Cat\u00e1logos Brit\u00e2nnia T\u00eaxtil - El\u00e1sticos de embutir, fitas el\u00e1sticas, r\u00edgidas, cord\u00f5es tran\u00e7ados (tran\u00e7as)","description":"Temos uma sele\u00e7\u00e3o de cat\u00e1logos especialmente feitos para mostrar as tend\u00eancias em fitas el\u00e1sticas, el\u00e1sticos de embutir, fitas r\u00edgidas, cord\u00f5es tran\u00e7ados (tran\u00e7as), la\u00e7os e aplaica\u00e7\u00f5es, tress\u00eas. Entre em contato conosco!","robots":{"index":"index","follow":"follow","max-snippet":"max-snippet:-1","max-image-preview":"max-image-preview:large","max-video-preview":"max-video-preview:-1"},"canonical":"https:\/\/britannia.ind.br\/catalogos\/","og_locale":"en_US","og_type":"article","og_title":"Cat\u00e1logos Brit\u00e2nnia","og_description":"Confirma nossa lista de cat\u00e1logos e conhe\u00e7a mais sobre nossos produtos.","og_url":"https:\/\/britannia.ind.br\/catalogos\/","og_site_name":"Brit\u00e2nnia T\u00eaxtil","article_publisher":"https:\/\/www.facebook.com\/britanniatextil","article_modified_time":"2023-12-18T17:41:38+00:00","og_image":[{"width":1920,"height":1080,"url":"https:\/\/britannia.ind.br\/wp-content\/uploads\/2017\/06\/ondeencontrar-destaque.jpg","type":"image\/jpeg"}],"twitter_card":"summary_large_image","twitter_title":"Cat\u00e1logos Brit\u00e2nnia","twitter_description":"Confirma nossa lista de cat\u00e1logos e conhe\u00e7a mais sobre nossos produtos.","twitter_misc":{"Est. reading time":"1 minute"},"schema":{"@context":"https:\/\/schema.org","@graph":[{"@type":"WebPage","@id":"https:\/\/britannia.ind.br\/catalogos\/","url":"https:\/\/britannia.ind.br\/catalogos\/","name":"Cat\u00e1logos Brit\u00e2nnia T\u00eaxtil - El\u00e1sticos de embutir, fitas el\u00e1sticas, r\u00edgidas, cord\u00f5es tran\u00e7ados (tran\u00e7as)","isPartOf":{"@id":"https:\/\/britannia.ind.br\/#website"},"primaryImageOfPage":{"@id":"https:\/\/britannia.ind.br\/catalogos\/#primaryimage"},"image":{"@id":"https:\/\/britannia.ind.br\/catalogos\/#primaryimage"},"thumbnailUrl":"https:\/\/britannia.ind.br\/wp-content\/uploads\/2017\/06\/ondeencontrar-destaque.jpg","datePublished":"2017-06-19T20:23:06+00:00","dateModified":"2023-12-18T17:41:38+00:00","description":"Temos uma sele\u00e7\u00e3o de cat\u00e1logos especialmente feitos para mostrar as tend\u00eancias em fitas el\u00e1sticas, el\u00e1sticos de embutir, fitas r\u00edgidas, cord\u00f5es tran\u00e7ados (tran\u00e7as), la\u00e7os e aplaica\u00e7\u00f5es, tress\u00eas. Entre em contato conosco!","breadcrumb":{"@id":"https:\/\/britannia.ind.br\/catalogos\/#breadcrumb"},"inLanguage":"en-US","potentialAction":[{"@type":"ReadAction","target":["https:\/\/britannia.ind.br\/catalogos\/"]}]},{"@type":"ImageObject","inLanguage":"en-US","@id":"https:\/\/britannia.ind.br\/catalogos\/#primaryimage","url":"https:\/\/britannia.ind.br\/wp-content\/uploads\/2017\/06\/ondeencontrar-destaque.jpg","contentUrl":"https:\/\/britannia.ind.br\/wp-content\/uploads\/2017\/06\/ondeencontrar-destaque.jpg","width":1920,"height":1080,"caption":"Cat\u00e1logos Brit\u00e2nnia"},{"@type":"BreadcrumbList","@id":"https:\/\/britannia.ind.br\/catalogos\/#breadcrumb","itemListElement":[{"@type":"ListItem","position":1,"name":"Home","item":"https:\/\/britannia.ind.br\/"},{"@type":"ListItem","position":2,"name":"Cat\u00e1logos"}]},{"@type":"WebSite","@id":"https:\/\/britannia.ind.br\/#website","url":"https:\/\/britannia.ind.br\/","name":"Brit\u00e2nnia T\u00eaxtil","description":"","publisher":{"@id":"https:\/\/britannia.ind.br\/#organization"},"potentialAction":[{"@type":"SearchAction","target":{"@type":"EntryPoint","urlTemplate":"https:\/\/britannia.ind.br\/?s={search_term_string}"},"query-input":"required name=search_term_string"}],"inLanguage":"en-US"},{"@type":"Organization","@id":"https:\/\/britannia.ind.br\/#organization","name":"Britannia T\u00eaxtil","url":"https:\/\/britannia.ind.br\/","logo":{"@type":"ImageObject","inLanguage":"en-US","@id":"https:\/\/britannia.ind.br\/#\/schema\/logo\/image\/","url":"https:\/\/britannia.ind.br\/wp-content\/uploads\/2023\/12\/Logo-Britannia-Textil-Fundo-Azul.jpg","contentUrl":"https:\/\/britannia.ind.br\/wp-content\/uploads\/2023\/12\/Logo-Britannia-Textil-Fundo-Azul.jpg","width":1170,"height":637,"caption":"Britannia T\u00eaxtil"},"image":{"@id":"https:\/\/britannia.ind.br\/#\/schema\/logo\/image\/"},"sameAs":["https:\/\/www.facebook.com\/britanniatextil","https:\/\/www.instagram.com\/britannia_textil"]}]}},"_links":{"self":[{"href":"https:\/\/britannia.ind.br\/en\/wp-json\/wp\/v2\/pages\/231","targetHints":{"allow":["GET"]}}],"collection":[{"href":"https:\/\/britannia.ind.br\/en\/wp-json\/wp\/v2\/pages"}],"about":[{"href":"https:\/\/britannia.ind.br\/en\/wp-json\/wp\/v2\/types\/page"}],"author":[{"embeddable":true,"href":"https:\/\/britannia.ind.br\/en\/wp-json\/wp\/v2\/users\/2"}],"replies":[{"embeddable":true,"href":"https:\/\/britannia.ind.br\/en\/wp-json\/wp\/v2\/comments?post=231"}],"version-history":[{"count":11,"href":"https:\/\/britannia.ind.br\/en\/wp-json\/wp\/v2\/pages\/231\/revisions"}],"predecessor-version":[{"id":1113,"href":"https:\/\/britannia.ind.br\/en\/wp-json\/wp\/v2\/pages\/231\/revisions\/1113"}],"wp:featuredmedia":[{"embeddable":true,"href":"https:\/\/britannia.ind.br\/en\/wp-json\/wp\/v2\/media\/525"}],"wp:attachment":[{"href":"https:\/\/britannia.ind.br\/en\/wp-json\/wp\/v2\/media?parent=231"}],"curies":[{"name":"wp","href":"https:\/\/api.w.org\/{rel}","templated":true}]}}