{"id":2,"date":"2017-05-18T17:02:58","date_gmt":"2017-05-18T20:02:58","guid":{"rendered":"http:\/\/www.britannia.ind.br\/?page_id=2"},"modified":"2026-04-16T11:07:29","modified_gmt":"2026-04-16T14:07:29","slug":"a-britannia","status":"publish","type":"page","link":"https:\/\/britannia.ind.br\/en\/britannia\/","title":{"rendered":"Brit\u00e2nnia"},"content":{"rendered":"<p><\/p>\n<h3>BRIT\u00c2NNIA<\/h3>\n<p>Created by inspiration, Brit\u00e2nnia has traced a trajectory of work, proactivity and talent- at the hands of its founders, Cristina and Mark, and by the hands of collaborators that are part of its history. lt is more than 34 years of excellence, partnership and innovation.<\/p>\n<p>Brit\u00e2nnia materializes ideas with good taste, technique, technology and a constantly updated repertoire of trends. ln this way, the company becomes a countless success stories of products and customers.<\/p>\n<p>Tradition and modernity with excellence are revealed in a wide product portfolio, varied, gifted with style and inspiration, which becomes reference and completes the creativity of several of the best brands in Brazil and abroad.<\/p>\n<p>ln every detail, do the best: in production, product development, commercial practices, customer service and relationship, decisions and actions as a company.<\/p>\n<p>That is why, further to developing and marketing products with perfection, Brit\u00e2nnia cherish the environment, attentive to the reuse of water for domestic purposes and the proper disposal of all combings from the dyeing process through its effluent treatment plant; And values people by creating a healthy and stimulating work environment.<\/p>","protected":false},"excerpt":{"rendered":"<p>BRIT\u00c2NNIA Created by inspiration, Brit\u00e2nnia has traced a trajectory of work, proactivity and talent- at the hands of its founders, Cristina and Mark, and by the hands of collaborators that are part of its history. lt is more than 34 years of excellence, partnership and innovation. Brit\u00e2nnia materializes ideas with good taste, technique, technology and [&hellip;]<\/p>\n","protected":false},"author":2,"featured_media":805,"parent":0,"menu_order":0,"comment_status":"closed","ping_status":"open","template":"","meta":{"footnotes":""},"class_list":["post-2","page","type-page","status-publish","has-post-thumbnail","hentry"],"acf":[],"yoast_head":"<!-- This site is optimized with the Yoast SEO plugin v23.3 - https:\/\/yoast.com\/wordpress\/plugins\/seo\/ -->\n<title>A Brit\u00e2nnia T\u00eaxtil - 31 anos de Experi\u00eancia e qualidade<\/title>\n<meta name=\"description\" content=\"Mais de 31 anos de inspira\u00e7\u00e3o, criatividade e sensibilidade para produzir fitas r\u00edgidas, fitas el\u00e1sticas, el\u00e1sticos de embutir, fitas de cetim, fitas de gorgur\u00e3o, fitas de organza. Confira nosso site.\" \/>\n<meta name=\"robots\" content=\"index, follow, max-snippet:-1, max-image-preview:large, max-video-preview:-1\" \/>\n<link rel=\"canonical\" href=\"https:\/\/britannia.ind.br\/a-britannia\/\" \/>\n<meta property=\"og:locale\" content=\"en_US\" \/>\n<meta property=\"og:type\" content=\"article\" \/>\n<meta property=\"og:title\" content=\"Conhe\u00e7a a Brit\u00e2nnia T\u00eaxtil\" \/>\n<meta property=\"og:description\" content=\"Mais de 31 anos de inspira\u00e7\u00e3o, criatividade e sensibilidade para produzir fitas r\u00edgidas, fitas el\u00e1sticas, el\u00e1sticos de embutir, fitas de cetim, fitas de gorgur\u00e3o, fitas de organza. Confira nosso site.\" \/>\n<meta property=\"og:url\" content=\"https:\/\/britannia.ind.br\/a-britannia\/\" \/>\n<meta property=\"og:site_name\" content=\"Brit\u00e2nnia T\u00eaxtil\" \/>\n<meta property=\"article:publisher\" content=\"https:\/\/www.facebook.com\/britanniatextil\" \/>\n<meta property=\"article:modified_time\" content=\"2026-04-16T14:07:29+00:00\" \/>\n<meta property=\"og:image\" content=\"https:\/\/britannia.ind.br\/wp-content\/uploads\/2017\/05\/Destaque_a_britannia.jpg\" \/>\n\t<meta property=\"og:image:width\" content=\"1920\" \/>\n\t<meta property=\"og:image:height\" content=\"1080\" \/>\n\t<meta property=\"og:image:type\" content=\"image\/jpeg\" \/>\n<meta name=\"twitter:card\" content=\"summary_large_image\" \/>\n<meta name=\"twitter:title\" content=\"Conhe\u00e7a a Brit\u00e2nnia T\u00eaxtil\" \/>\n<meta name=\"twitter:description\" content=\"Mais de 31 anos de inspira\u00e7\u00e3o, criatividade e sensibilidade para produzir fitas r\u00edgidas, fitas el\u00e1sticas, el\u00e1sticos de embutir, fitas de cetim, fitas de gorgur\u00e3o, fitas de organza. Confira nosso site.\" \/>\n<meta name=\"twitter:label1\" content=\"Est. reading time\" \/>\n\t<meta name=\"twitter:data1\" content=\"2 minutes\" \/>\n<script type=\"application\/ld+json\" class=\"yoast-schema-graph\">{\"@context\":\"https:\/\/schema.org\",\"@graph\":[{\"@type\":\"WebPage\",\"@id\":\"https:\/\/britannia.ind.br\/a-britannia\/\",\"url\":\"https:\/\/britannia.ind.br\/a-britannia\/\",\"name\":\"A Brit\u00e2nnia T\u00eaxtil - 31 anos de Experi\u00eancia e qualidade\",\"isPartOf\":{\"@id\":\"https:\/\/britannia.ind.br\/#website\"},\"primaryImageOfPage\":{\"@id\":\"https:\/\/britannia.ind.br\/a-britannia\/#primaryimage\"},\"image\":{\"@id\":\"https:\/\/britannia.ind.br\/a-britannia\/#primaryimage\"},\"thumbnailUrl\":\"https:\/\/britannia.ind.br\/wp-content\/uploads\/2017\/05\/Destaque_a_britannia.jpg\",\"datePublished\":\"2017-05-18T20:02:58+00:00\",\"dateModified\":\"2026-04-16T14:07:29+00:00\",\"description\":\"Mais de 31 anos de inspira\u00e7\u00e3o, criatividade e sensibilidade para produzir fitas r\u00edgidas, fitas el\u00e1sticas, el\u00e1sticos de embutir, fitas de cetim, fitas de gorgur\u00e3o, fitas de organza. Confira nosso site.\",\"breadcrumb\":{\"@id\":\"https:\/\/britannia.ind.br\/a-britannia\/#breadcrumb\"},\"inLanguage\":\"en-US\",\"potentialAction\":[{\"@type\":\"ReadAction\",\"target\":[\"https:\/\/britannia.ind.br\/a-britannia\/\"]}]},{\"@type\":\"ImageObject\",\"inLanguage\":\"en-US\",\"@id\":\"https:\/\/britannia.ind.br\/a-britannia\/#primaryimage\",\"url\":\"https:\/\/britannia.ind.br\/wp-content\/uploads\/2017\/05\/Destaque_a_britannia.jpg\",\"contentUrl\":\"https:\/\/britannia.ind.br\/wp-content\/uploads\/2017\/05\/Destaque_a_britannia.jpg\",\"width\":1920,\"height\":1080,\"caption\":\"a-britannia\"},{\"@type\":\"BreadcrumbList\",\"@id\":\"https:\/\/britannia.ind.br\/a-britannia\/#breadcrumb\",\"itemListElement\":[{\"@type\":\"ListItem\",\"position\":1,\"name\":\"Home\",\"item\":\"https:\/\/britannia.ind.br\/\"},{\"@type\":\"ListItem\",\"position\":2,\"name\":\"A Brit\u00e2nnia\"}]},{\"@type\":\"WebSite\",\"@id\":\"https:\/\/britannia.ind.br\/#website\",\"url\":\"https:\/\/britannia.ind.br\/\",\"name\":\"Brit\u00e2nnia T\u00eaxtil\",\"description\":\"\",\"publisher\":{\"@id\":\"https:\/\/britannia.ind.br\/#organization\"},\"potentialAction\":[{\"@type\":\"SearchAction\",\"target\":{\"@type\":\"EntryPoint\",\"urlTemplate\":\"https:\/\/britannia.ind.br\/?s={search_term_string}\"},\"query-input\":\"required name=search_term_string\"}],\"inLanguage\":\"en-US\"},{\"@type\":\"Organization\",\"@id\":\"https:\/\/britannia.ind.br\/#organization\",\"name\":\"Britannia T\u00eaxtil\",\"url\":\"https:\/\/britannia.ind.br\/\",\"logo\":{\"@type\":\"ImageObject\",\"inLanguage\":\"en-US\",\"@id\":\"https:\/\/britannia.ind.br\/#\/schema\/logo\/image\/\",\"url\":\"https:\/\/britannia.ind.br\/wp-content\/uploads\/2023\/12\/Logo-Britannia-Textil-Fundo-Azul.jpg\",\"contentUrl\":\"https:\/\/britannia.ind.br\/wp-content\/uploads\/2023\/12\/Logo-Britannia-Textil-Fundo-Azul.jpg\",\"width\":1170,\"height\":637,\"caption\":\"Britannia T\u00eaxtil\"},\"image\":{\"@id\":\"https:\/\/britannia.ind.br\/#\/schema\/logo\/image\/\"},\"sameAs\":[\"https:\/\/www.facebook.com\/britanniatextil\",\"https:\/\/www.instagram.com\/britannia_textil\"]}]}<\/script>\n<!-- \/ Yoast SEO plugin. -->","yoast_head_json":{"title":"A Brit\u00e2nnia T\u00eaxtil - 31 anos de Experi\u00eancia e qualidade","description":"Mais de 31 anos de inspira\u00e7\u00e3o, criatividade e sensibilidade para produzir fitas r\u00edgidas, fitas el\u00e1sticas, el\u00e1sticos de embutir, fitas de cetim, fitas de gorgur\u00e3o, fitas de organza. Confira nosso site.","robots":{"index":"index","follow":"follow","max-snippet":"max-snippet:-1","max-image-preview":"max-image-preview:large","max-video-preview":"max-video-preview:-1"},"canonical":"https:\/\/britannia.ind.br\/a-britannia\/","og_locale":"en_US","og_type":"article","og_title":"Conhe\u00e7a a Brit\u00e2nnia T\u00eaxtil","og_description":"Mais de 31 anos de inspira\u00e7\u00e3o, criatividade e sensibilidade para produzir fitas r\u00edgidas, fitas el\u00e1sticas, el\u00e1sticos de embutir, fitas de cetim, fitas de gorgur\u00e3o, fitas de organza. Confira nosso site.","og_url":"https:\/\/britannia.ind.br\/a-britannia\/","og_site_name":"Brit\u00e2nnia T\u00eaxtil","article_publisher":"https:\/\/www.facebook.com\/britanniatextil","article_modified_time":"2026-04-16T14:07:29+00:00","og_image":[{"width":1920,"height":1080,"url":"https:\/\/britannia.ind.br\/wp-content\/uploads\/2017\/05\/Destaque_a_britannia.jpg","type":"image\/jpeg"}],"twitter_card":"summary_large_image","twitter_title":"Conhe\u00e7a a Brit\u00e2nnia T\u00eaxtil","twitter_description":"Mais de 31 anos de inspira\u00e7\u00e3o, criatividade e sensibilidade para produzir fitas r\u00edgidas, fitas el\u00e1sticas, el\u00e1sticos de embutir, fitas de cetim, fitas de gorgur\u00e3o, fitas de organza. Confira nosso site.","twitter_misc":{"Est. reading time":"2 minutes"},"schema":{"@context":"https:\/\/schema.org","@graph":[{"@type":"WebPage","@id":"https:\/\/britannia.ind.br\/a-britannia\/","url":"https:\/\/britannia.ind.br\/a-britannia\/","name":"A Brit\u00e2nnia T\u00eaxtil - 31 anos de Experi\u00eancia e qualidade","isPartOf":{"@id":"https:\/\/britannia.ind.br\/#website"},"primaryImageOfPage":{"@id":"https:\/\/britannia.ind.br\/a-britannia\/#primaryimage"},"image":{"@id":"https:\/\/britannia.ind.br\/a-britannia\/#primaryimage"},"thumbnailUrl":"https:\/\/britannia.ind.br\/wp-content\/uploads\/2017\/05\/Destaque_a_britannia.jpg","datePublished":"2017-05-18T20:02:58+00:00","dateModified":"2026-04-16T14:07:29+00:00","description":"Mais de 31 anos de inspira\u00e7\u00e3o, criatividade e sensibilidade para produzir fitas r\u00edgidas, fitas el\u00e1sticas, el\u00e1sticos de embutir, fitas de cetim, fitas de gorgur\u00e3o, fitas de organza. Confira nosso site.","breadcrumb":{"@id":"https:\/\/britannia.ind.br\/a-britannia\/#breadcrumb"},"inLanguage":"en-US","potentialAction":[{"@type":"ReadAction","target":["https:\/\/britannia.ind.br\/a-britannia\/"]}]},{"@type":"ImageObject","inLanguage":"en-US","@id":"https:\/\/britannia.ind.br\/a-britannia\/#primaryimage","url":"https:\/\/britannia.ind.br\/wp-content\/uploads\/2017\/05\/Destaque_a_britannia.jpg","contentUrl":"https:\/\/britannia.ind.br\/wp-content\/uploads\/2017\/05\/Destaque_a_britannia.jpg","width":1920,"height":1080,"caption":"a-britannia"},{"@type":"BreadcrumbList","@id":"https:\/\/britannia.ind.br\/a-britannia\/#breadcrumb","itemListElement":[{"@type":"ListItem","position":1,"name":"Home","item":"https:\/\/britannia.ind.br\/"},{"@type":"ListItem","position":2,"name":"A Brit\u00e2nnia"}]},{"@type":"WebSite","@id":"https:\/\/britannia.ind.br\/#website","url":"https:\/\/britannia.ind.br\/","name":"Brit\u00e2nnia T\u00eaxtil","description":"","publisher":{"@id":"https:\/\/britannia.ind.br\/#organization"},"potentialAction":[{"@type":"SearchAction","target":{"@type":"EntryPoint","urlTemplate":"https:\/\/britannia.ind.br\/?s={search_term_string}"},"query-input":"required name=search_term_string"}],"inLanguage":"en-US"},{"@type":"Organization","@id":"https:\/\/britannia.ind.br\/#organization","name":"Britannia T\u00eaxtil","url":"https:\/\/britannia.ind.br\/","logo":{"@type":"ImageObject","inLanguage":"en-US","@id":"https:\/\/britannia.ind.br\/#\/schema\/logo\/image\/","url":"https:\/\/britannia.ind.br\/wp-content\/uploads\/2023\/12\/Logo-Britannia-Textil-Fundo-Azul.jpg","contentUrl":"https:\/\/britannia.ind.br\/wp-content\/uploads\/2023\/12\/Logo-Britannia-Textil-Fundo-Azul.jpg","width":1170,"height":637,"caption":"Britannia T\u00eaxtil"},"image":{"@id":"https:\/\/britannia.ind.br\/#\/schema\/logo\/image\/"},"sameAs":["https:\/\/www.facebook.com\/britanniatextil","https:\/\/www.instagram.com\/britannia_textil"]}]}},"_links":{"self":[{"href":"https:\/\/britannia.ind.br\/en\/wp-json\/wp\/v2\/pages\/2","targetHints":{"allow":["GET"]}}],"collection":[{"href":"https:\/\/britannia.ind.br\/en\/wp-json\/wp\/v2\/pages"}],"about":[{"href":"https:\/\/britannia.ind.br\/en\/wp-json\/wp\/v2\/types\/page"}],"author":[{"embeddable":true,"href":"https:\/\/britannia.ind.br\/en\/wp-json\/wp\/v2\/users\/2"}],"replies":[{"embeddable":true,"href":"https:\/\/britannia.ind.br\/en\/wp-json\/wp\/v2\/comments?post=2"}],"version-history":[{"count":47,"href":"https:\/\/britannia.ind.br\/en\/wp-json\/wp\/v2\/pages\/2\/revisions"}],"predecessor-version":[{"id":25920,"href":"https:\/\/britannia.ind.br\/en\/wp-json\/wp\/v2\/pages\/2\/revisions\/25920"}],"wp:featuredmedia":[{"embeddable":true,"href":"https:\/\/britannia.ind.br\/en\/wp-json\/wp\/v2\/media\/805"}],"wp:attachment":[{"href":"https:\/\/britannia.ind.br\/en\/wp-json\/wp\/v2\/media?parent=2"}],"curies":[{"name":"wp","href":"https:\/\/api.w.org\/{rel}","templated":true}]}}