{"id":158,"date":"2017-05-31T19:30:29","date_gmt":"2017-05-31T22:30:29","guid":{"rendered":"http:\/\/www.britannia.ind.br\/?page_id=158"},"modified":"2026-04-15T11:44:30","modified_gmt":"2026-04-15T14:44:30","slug":"tresses","status":"publish","type":"page","link":"https:\/\/britannia.ind.br\/en\/products\/braided-cords\/","title":{"rendered":"Braided Cords"},"content":{"rendered":"<p><\/p>\n<h3>BRAIDED CORDS FOR FASHION, ACCESSORIES AND DISTINCTIVE FINISHES<\/h3>\n<p data-start=\"200\" data-end=\"795\">Brit\u00e2nnia is a manufacturer of <strong data-start=\"231\" data-end=\"248\">braided cords<\/strong> for applications in <strong data-start=\"269\" data-end=\"291\">children\u2019s fashion<\/strong>, <strong data-start=\"293\" data-end=\"312\">women\u2019s fashion<\/strong>, <strong data-start=\"314\" data-end=\"329\">accessories<\/strong>, <strong data-start=\"331\" data-end=\"343\">footwear<\/strong>, <strong data-start=\"345\" data-end=\"358\">packaging<\/strong> and creative projects with a distinctive finish. With a striking visual presence and a textile construction that enhances detail, this trimming is ideal for brands, ateliers, garment manufacturers and designers seeking more personality, versatility and perceived value in their pieces. Whether used as a functional or decorative element, the braided cord expands creative possibilities and strengthens the identity of the final product.<\/p>\n<p data-start=\"797\" data-end=\"1255\">Widely used in projects that call for detail, functionality and aesthetic appeal, braided cords are increasingly present in garments, hoods, waistlines, footwear, bags, decorative tags, special packaging and handcrafted applications. Their textile construction enhances the final product and contributes to more sophisticated, versatile and visually distinctive compositions, meeting the demand for pieces with more texture, authenticity and differentiation.<\/p>\n<p data-start=\"1257\" data-end=\"1699\">At Brit\u00e2nnia, we develop this product for the wholesale market with a focus on quality, consistency and versatility, serving both the garment and fashion creation sector and markets that value finishing and presentation. More than just an accessory, the braided cord has become a visual design resource that adds value, reinforces the perception of care and expands the creative possibilities of products designed to stand out through detail.<\/p>\n<p><\/p>","protected":false},"excerpt":{"rendered":"<p>BRAIDED CORDS FOR FASHION, ACCESSORIES AND DISTINCTIVE FINISHES Brit\u00e2nnia is a manufacturer of braided cords for applications in children\u2019s fashion, women\u2019s fashion, accessories, footwear, packaging and creative projects with a distinctive finish. With a striking visual presence and a textile construction that enhances detail, this trimming is ideal for brands, ateliers, garment manufacturers and designers [&hellip;]<\/p>\n","protected":false},"author":2,"featured_media":25887,"parent":5,"menu_order":0,"comment_status":"closed","ping_status":"closed","template":"template-portfolio.php","meta":{"footnotes":""},"class_list":["post-158","page","type-page","status-publish","has-post-thumbnail","hentry"],"acf":[],"yoast_head":"<!-- This site is optimized with the Yoast SEO plugin v23.3 - https:\/\/yoast.com\/wordpress\/plugins\/seo\/ -->\n<title>Cord\u00f5es Tran\u00e7ados para Moda, Embalagens e Personalizado de Luxo | Brit\u00e2nnia<\/title>\n<meta name=\"description\" content=\"Fabricante de cord\u00f5es tran\u00e7ados para moda, acess\u00f3rios, cal\u00e7ados, embalagens e personalizado de luxo. Versatilidade, acabamento e valor percebido para diferentes aplica\u00e7\u00f5es.\" \/>\n<meta name=\"robots\" content=\"index, follow, max-snippet:-1, max-image-preview:large, max-video-preview:-1\" \/>\n<link rel=\"canonical\" href=\"https:\/\/britannia.ind.br\/produtos\/cordoes-trancados\/\" \/>\n<meta property=\"og:locale\" content=\"en_US\" \/>\n<meta property=\"og:type\" content=\"article\" \/>\n<meta property=\"og:title\" content=\"Tress\u00ea Britannia - \u00e9 uma solu\u00e7\u00e3o muito diferenciada na decora\u00e7\u00e3o\" \/>\n<meta property=\"og:description\" content=\"Surpreendente, inovador e encantador: o tress\u00ea Brit\u00e2nnia \u00e9 um tecido especial constru\u00eddo a partir de um tramado de fitas. Confira nossos cat\u00e1logos.\" \/>\n<meta property=\"og:url\" content=\"https:\/\/britannia.ind.br\/produtos\/cordoes-trancados\/\" \/>\n<meta property=\"og:site_name\" content=\"Brit\u00e2nnia T\u00eaxtil\" \/>\n<meta property=\"article:publisher\" content=\"https:\/\/www.facebook.com\/britanniatextil\" \/>\n<meta property=\"article:modified_time\" content=\"2026-04-15T14:44:30+00:00\" \/>\n<meta property=\"og:image\" content=\"https:\/\/britannia.ind.br\/wp-content\/uploads\/2026\/04\/Cordoes-Trancados-Britannia-Textil.jpg\" \/>\n\t<meta property=\"og:image:width\" content=\"1000\" \/>\n\t<meta property=\"og:image:height\" content=\"667\" \/>\n\t<meta property=\"og:image:type\" content=\"image\/jpeg\" \/>\n<meta name=\"twitter:card\" content=\"summary_large_image\" \/>\n<meta name=\"twitter:title\" content=\"Tress\u00ea Britannia - \u00e9 uma solu\u00e7\u00e3o muito diferenciada na decora\u00e7\u00e3o\" \/>\n<meta name=\"twitter:description\" content=\"Surpreendente, inovador e encantador: o tress\u00ea Brit\u00e2nnia \u00e9 um tecido especial constru\u00eddo a partir de um tramado de fitas. Confira nossos cat\u00e1logos.\" \/>\n<meta name=\"twitter:label1\" content=\"Est. reading time\" \/>\n\t<meta name=\"twitter:data1\" content=\"2 minutes\" \/>\n<script type=\"application\/ld+json\" class=\"yoast-schema-graph\">{\"@context\":\"https:\/\/schema.org\",\"@graph\":[{\"@type\":\"WebPage\",\"@id\":\"https:\/\/britannia.ind.br\/produtos\/cordoes-trancados\/\",\"url\":\"https:\/\/britannia.ind.br\/produtos\/cordoes-trancados\/\",\"name\":\"Cord\u00f5es Tran\u00e7ados para Moda, Embalagens e Personalizado de Luxo | Brit\u00e2nnia\",\"isPartOf\":{\"@id\":\"https:\/\/britannia.ind.br\/#website\"},\"primaryImageOfPage\":{\"@id\":\"https:\/\/britannia.ind.br\/produtos\/cordoes-trancados\/#primaryimage\"},\"image\":{\"@id\":\"https:\/\/britannia.ind.br\/produtos\/cordoes-trancados\/#primaryimage\"},\"thumbnailUrl\":\"https:\/\/britannia.ind.br\/wp-content\/uploads\/2026\/04\/Cordoes-Trancados-Britannia-Textil.jpg\",\"datePublished\":\"2017-05-31T22:30:29+00:00\",\"dateModified\":\"2026-04-15T14:44:30+00:00\",\"description\":\"Fabricante de cord\u00f5es tran\u00e7ados para moda, acess\u00f3rios, cal\u00e7ados, embalagens e personalizado de luxo. Versatilidade, acabamento e valor percebido para diferentes aplica\u00e7\u00f5es.\",\"breadcrumb\":{\"@id\":\"https:\/\/britannia.ind.br\/produtos\/cordoes-trancados\/#breadcrumb\"},\"inLanguage\":\"en-US\",\"potentialAction\":[{\"@type\":\"ReadAction\",\"target\":[\"https:\/\/britannia.ind.br\/produtos\/cordoes-trancados\/\"]}]},{\"@type\":\"ImageObject\",\"inLanguage\":\"en-US\",\"@id\":\"https:\/\/britannia.ind.br\/produtos\/cordoes-trancados\/#primaryimage\",\"url\":\"https:\/\/britannia.ind.br\/wp-content\/uploads\/2026\/04\/Cordoes-Trancados-Britannia-Textil.jpg\",\"contentUrl\":\"https:\/\/britannia.ind.br\/wp-content\/uploads\/2026\/04\/Cordoes-Trancados-Britannia-Textil.jpg\",\"width\":1000,\"height\":667},{\"@type\":\"BreadcrumbList\",\"@id\":\"https:\/\/britannia.ind.br\/produtos\/cordoes-trancados\/#breadcrumb\",\"itemListElement\":[{\"@type\":\"ListItem\",\"position\":1,\"name\":\"Home\",\"item\":\"https:\/\/britannia.ind.br\/\"},{\"@type\":\"ListItem\",\"position\":2,\"name\":\"Products\",\"item\":\"https:\/\/britannia.ind.br\/en\/products\/\"},{\"@type\":\"ListItem\",\"position\":3,\"name\":\"Cord\u00f5es Tran\u00e7ados\"}]},{\"@type\":\"WebSite\",\"@id\":\"https:\/\/britannia.ind.br\/#website\",\"url\":\"https:\/\/britannia.ind.br\/\",\"name\":\"Brit\u00e2nnia T\u00eaxtil\",\"description\":\"\",\"publisher\":{\"@id\":\"https:\/\/britannia.ind.br\/#organization\"},\"potentialAction\":[{\"@type\":\"SearchAction\",\"target\":{\"@type\":\"EntryPoint\",\"urlTemplate\":\"https:\/\/britannia.ind.br\/?s={search_term_string}\"},\"query-input\":\"required name=search_term_string\"}],\"inLanguage\":\"en-US\"},{\"@type\":\"Organization\",\"@id\":\"https:\/\/britannia.ind.br\/#organization\",\"name\":\"Britannia T\u00eaxtil\",\"url\":\"https:\/\/britannia.ind.br\/\",\"logo\":{\"@type\":\"ImageObject\",\"inLanguage\":\"en-US\",\"@id\":\"https:\/\/britannia.ind.br\/#\/schema\/logo\/image\/\",\"url\":\"https:\/\/britannia.ind.br\/wp-content\/uploads\/2023\/12\/Logo-Britannia-Textil-Fundo-Azul.jpg\",\"contentUrl\":\"https:\/\/britannia.ind.br\/wp-content\/uploads\/2023\/12\/Logo-Britannia-Textil-Fundo-Azul.jpg\",\"width\":1170,\"height\":637,\"caption\":\"Britannia T\u00eaxtil\"},\"image\":{\"@id\":\"https:\/\/britannia.ind.br\/#\/schema\/logo\/image\/\"},\"sameAs\":[\"https:\/\/www.facebook.com\/britanniatextil\",\"https:\/\/www.instagram.com\/britannia_textil\"]}]}<\/script>\n<!-- \/ Yoast SEO plugin. -->","yoast_head_json":{"title":"Cord\u00f5es Tran\u00e7ados para Moda, Embalagens e Personalizado de Luxo | Brit\u00e2nnia","description":"Fabricante de cord\u00f5es tran\u00e7ados para moda, acess\u00f3rios, cal\u00e7ados, embalagens e personalizado de luxo. Versatilidade, acabamento e valor percebido para diferentes aplica\u00e7\u00f5es.","robots":{"index":"index","follow":"follow","max-snippet":"max-snippet:-1","max-image-preview":"max-image-preview:large","max-video-preview":"max-video-preview:-1"},"canonical":"https:\/\/britannia.ind.br\/produtos\/cordoes-trancados\/","og_locale":"en_US","og_type":"article","og_title":"Tress\u00ea Britannia - \u00e9 uma solu\u00e7\u00e3o muito diferenciada na decora\u00e7\u00e3o","og_description":"Surpreendente, inovador e encantador: o tress\u00ea Brit\u00e2nnia \u00e9 um tecido especial constru\u00eddo a partir de um tramado de fitas. Confira nossos cat\u00e1logos.","og_url":"https:\/\/britannia.ind.br\/produtos\/cordoes-trancados\/","og_site_name":"Brit\u00e2nnia T\u00eaxtil","article_publisher":"https:\/\/www.facebook.com\/britanniatextil","article_modified_time":"2026-04-15T14:44:30+00:00","og_image":[{"width":1000,"height":667,"url":"https:\/\/britannia.ind.br\/wp-content\/uploads\/2026\/04\/Cordoes-Trancados-Britannia-Textil.jpg","type":"image\/jpeg"}],"twitter_card":"summary_large_image","twitter_title":"Tress\u00ea Britannia - \u00e9 uma solu\u00e7\u00e3o muito diferenciada na decora\u00e7\u00e3o","twitter_description":"Surpreendente, inovador e encantador: o tress\u00ea Brit\u00e2nnia \u00e9 um tecido especial constru\u00eddo a partir de um tramado de fitas. Confira nossos cat\u00e1logos.","twitter_misc":{"Est. reading time":"2 minutes"},"schema":{"@context":"https:\/\/schema.org","@graph":[{"@type":"WebPage","@id":"https:\/\/britannia.ind.br\/produtos\/cordoes-trancados\/","url":"https:\/\/britannia.ind.br\/produtos\/cordoes-trancados\/","name":"Cord\u00f5es Tran\u00e7ados para Moda, Embalagens e Personalizado de Luxo | Brit\u00e2nnia","isPartOf":{"@id":"https:\/\/britannia.ind.br\/#website"},"primaryImageOfPage":{"@id":"https:\/\/britannia.ind.br\/produtos\/cordoes-trancados\/#primaryimage"},"image":{"@id":"https:\/\/britannia.ind.br\/produtos\/cordoes-trancados\/#primaryimage"},"thumbnailUrl":"https:\/\/britannia.ind.br\/wp-content\/uploads\/2026\/04\/Cordoes-Trancados-Britannia-Textil.jpg","datePublished":"2017-05-31T22:30:29+00:00","dateModified":"2026-04-15T14:44:30+00:00","description":"Fabricante de cord\u00f5es tran\u00e7ados para moda, acess\u00f3rios, cal\u00e7ados, embalagens e personalizado de luxo. Versatilidade, acabamento e valor percebido para diferentes aplica\u00e7\u00f5es.","breadcrumb":{"@id":"https:\/\/britannia.ind.br\/produtos\/cordoes-trancados\/#breadcrumb"},"inLanguage":"en-US","potentialAction":[{"@type":"ReadAction","target":["https:\/\/britannia.ind.br\/produtos\/cordoes-trancados\/"]}]},{"@type":"ImageObject","inLanguage":"en-US","@id":"https:\/\/britannia.ind.br\/produtos\/cordoes-trancados\/#primaryimage","url":"https:\/\/britannia.ind.br\/wp-content\/uploads\/2026\/04\/Cordoes-Trancados-Britannia-Textil.jpg","contentUrl":"https:\/\/britannia.ind.br\/wp-content\/uploads\/2026\/04\/Cordoes-Trancados-Britannia-Textil.jpg","width":1000,"height":667},{"@type":"BreadcrumbList","@id":"https:\/\/britannia.ind.br\/produtos\/cordoes-trancados\/#breadcrumb","itemListElement":[{"@type":"ListItem","position":1,"name":"Home","item":"https:\/\/britannia.ind.br\/"},{"@type":"ListItem","position":2,"name":"Products","item":"https:\/\/britannia.ind.br\/en\/products\/"},{"@type":"ListItem","position":3,"name":"Cord\u00f5es Tran\u00e7ados"}]},{"@type":"WebSite","@id":"https:\/\/britannia.ind.br\/#website","url":"https:\/\/britannia.ind.br\/","name":"Brit\u00e2nnia T\u00eaxtil","description":"","publisher":{"@id":"https:\/\/britannia.ind.br\/#organization"},"potentialAction":[{"@type":"SearchAction","target":{"@type":"EntryPoint","urlTemplate":"https:\/\/britannia.ind.br\/?s={search_term_string}"},"query-input":"required name=search_term_string"}],"inLanguage":"en-US"},{"@type":"Organization","@id":"https:\/\/britannia.ind.br\/#organization","name":"Britannia T\u00eaxtil","url":"https:\/\/britannia.ind.br\/","logo":{"@type":"ImageObject","inLanguage":"en-US","@id":"https:\/\/britannia.ind.br\/#\/schema\/logo\/image\/","url":"https:\/\/britannia.ind.br\/wp-content\/uploads\/2023\/12\/Logo-Britannia-Textil-Fundo-Azul.jpg","contentUrl":"https:\/\/britannia.ind.br\/wp-content\/uploads\/2023\/12\/Logo-Britannia-Textil-Fundo-Azul.jpg","width":1170,"height":637,"caption":"Britannia T\u00eaxtil"},"image":{"@id":"https:\/\/britannia.ind.br\/#\/schema\/logo\/image\/"},"sameAs":["https:\/\/www.facebook.com\/britanniatextil","https:\/\/www.instagram.com\/britannia_textil"]}]}},"_links":{"self":[{"href":"https:\/\/britannia.ind.br\/en\/wp-json\/wp\/v2\/pages\/158","targetHints":{"allow":["GET"]}}],"collection":[{"href":"https:\/\/britannia.ind.br\/en\/wp-json\/wp\/v2\/pages"}],"about":[{"href":"https:\/\/britannia.ind.br\/en\/wp-json\/wp\/v2\/types\/page"}],"author":[{"embeddable":true,"href":"https:\/\/britannia.ind.br\/en\/wp-json\/wp\/v2\/users\/2"}],"replies":[{"embeddable":true,"href":"https:\/\/britannia.ind.br\/en\/wp-json\/wp\/v2\/comments?post=158"}],"version-history":[{"count":19,"href":"https:\/\/britannia.ind.br\/en\/wp-json\/wp\/v2\/pages\/158\/revisions"}],"predecessor-version":[{"id":25888,"href":"https:\/\/britannia.ind.br\/en\/wp-json\/wp\/v2\/pages\/158\/revisions\/25888"}],"up":[{"embeddable":true,"href":"https:\/\/britannia.ind.br\/en\/wp-json\/wp\/v2\/pages\/5"}],"wp:featuredmedia":[{"embeddable":true,"href":"https:\/\/britannia.ind.br\/en\/wp-json\/wp\/v2\/media\/25887"}],"wp:attachment":[{"href":"https:\/\/britannia.ind.br\/en\/wp-json\/wp\/v2\/media?parent=158"}],"curies":[{"name":"wp","href":"https:\/\/api.w.org\/{rel}","templated":true}]}}