{"id":154,"date":"2017-05-31T19:29:59","date_gmt":"2017-05-31T22:29:59","guid":{"rendered":"http:\/\/www.britannia.ind.br\/?page_id=154"},"modified":"2026-04-16T15:37:55","modified_gmt":"2026-04-16T18:37:55","slug":"fitas-rigidas","status":"publish","type":"page","link":"https:\/\/britannia.ind.br\/en\/products\/rigid-ribbons\/","title":{"rendered":"Rigid Ribbons"},"content":{"rendered":"<p><\/p>\n<h3>Versatility and diversity<\/h3>\n<p>The rigid ribbons are woven on needle or crochet looms and\/or poliamide in their composition they can be polyester and polyamide. Brit\u00e2nnia`s portofolio has several options: satin, organza, taffeta, grosgrain, in addition drawn trimmings, varieties with jacquard effect and more.<br \/>\nExtremely versatile, they are present in clothing, footwear, toys, bed and bath, in the crafts and in decoration.<\/p>\n<h4>Some Brit\u00e2nnia\u2019s Options on Rigid Ribbons:<\/h4>\n<p>Satin Ribbon \u2022 Ribbon with Pompoms \u2022 Organza Ribbon \u2022 Taffeta Ribbon \u2022 Double Sided Ribbon \u2022 Metallic Ribbon \u2022 Christmas Ribbon \u2022 Stich Ribbons \u2022 Pois Ribbon \u2022 Dyed Ribbon \u2022 Raw Ribbon \u2022 Voil Ribbon \u2022 Chequered Ribbon \u2022 Decorated Satin Ribbons \u2022 Grosgrain Ribbons \u2022 Decorative Ribbons \u2022 Ribbons for Package \u2022 Jacquard Ribbons \u2022 Bias Ribbon \u2022 Pompom 9038<br \/>\n<\/p>","protected":false},"excerpt":{"rendered":"<p>Versatility and diversity The rigid ribbons are woven on needle or crochet looms and\/or poliamide in their composition they can be polyester and polyamide. Brit\u00e2nnia`s portofolio has several options: satin, organza, taffeta, grosgrain, in addition drawn trimmings, varieties with jacquard effect and more. Extremely versatile, they are present in clothing, footwear, toys, bed and bath, [&hellip;]<\/p>\n","protected":false},"author":2,"featured_media":25883,"parent":5,"menu_order":0,"comment_status":"closed","ping_status":"closed","template":"template-portfolio.php","meta":{"footnotes":""},"class_list":["post-154","page","type-page","status-publish","has-post-thumbnail","hentry"],"acf":[],"yoast_head":"<!-- This site is optimized with the Yoast SEO plugin v23.3 - https:\/\/yoast.com\/wordpress\/plugins\/seo\/ -->\n<title>Fitas R\u00edgidas Britannia - fitas de cetim, fitas com pompom<\/title>\n<meta name=\"description\" content=\"Extremamente vers\u00e1teis, elas est\u00e3o presentes no vestu\u00e1rio, nos cal\u00e7ados, em brinquedos, cama, mesa e banho, no artesanato e na decora\u00e7\u00e3o.\" \/>\n<meta name=\"robots\" content=\"index, follow, max-snippet:-1, max-image-preview:large, max-video-preview:-1\" \/>\n<link rel=\"canonical\" href=\"https:\/\/britannia.ind.br\/produtos\/fitas-rigidas\/\" \/>\n<meta property=\"og:locale\" content=\"en_US\" \/>\n<meta property=\"og:type\" content=\"article\" \/>\n<meta property=\"og:title\" content=\"Fitas R\u00edgidas Britannia - Fitas para todos os momentos\" \/>\n<meta property=\"og:description\" content=\"Extremamente vers\u00e1teis, elas est\u00e3o presentes no vestu\u00e1rio, nos cal\u00e7ados, em brinquedos, cama, mesa e banho, no artesanato e na decora\u00e7\u00e3o.\" \/>\n<meta property=\"og:url\" content=\"https:\/\/britannia.ind.br\/produtos\/fitas-rigidas\/\" \/>\n<meta property=\"og:site_name\" content=\"Brit\u00e2nnia T\u00eaxtil\" \/>\n<meta property=\"article:publisher\" content=\"https:\/\/www.facebook.com\/britanniatextil\" \/>\n<meta property=\"article:modified_time\" content=\"2026-04-16T18:37:55+00:00\" \/>\n<meta property=\"og:image\" content=\"https:\/\/britannia.ind.br\/wp-content\/uploads\/2026\/04\/fita-gorgurao.jpg\" \/>\n\t<meta property=\"og:image:width\" content=\"1000\" \/>\n\t<meta property=\"og:image:height\" content=\"667\" \/>\n\t<meta property=\"og:image:type\" content=\"image\/jpeg\" \/>\n<meta name=\"twitter:card\" content=\"summary_large_image\" \/>\n<meta name=\"twitter:title\" content=\"Fitas R\u00edgidas Britannia - Confira nossos cat\u00e1logos\" \/>\n<meta name=\"twitter:description\" content=\"Extremamente vers\u00e1teis, elas est\u00e3o presentes no vestu\u00e1rio, nos cal\u00e7ados, em brinquedos, cama, mesa e banho, no artesanato e na decora\u00e7\u00e3o.\" \/>\n<meta name=\"twitter:label1\" content=\"Est. reading time\" \/>\n\t<meta name=\"twitter:data1\" content=\"2 minutes\" \/>\n<script type=\"application\/ld+json\" class=\"yoast-schema-graph\">{\"@context\":\"https:\/\/schema.org\",\"@graph\":[{\"@type\":\"WebPage\",\"@id\":\"https:\/\/britannia.ind.br\/produtos\/fitas-rigidas\/\",\"url\":\"https:\/\/britannia.ind.br\/produtos\/fitas-rigidas\/\",\"name\":\"Fitas R\u00edgidas Britannia - fitas de cetim, fitas com pompom\",\"isPartOf\":{\"@id\":\"https:\/\/britannia.ind.br\/#website\"},\"primaryImageOfPage\":{\"@id\":\"https:\/\/britannia.ind.br\/produtos\/fitas-rigidas\/#primaryimage\"},\"image\":{\"@id\":\"https:\/\/britannia.ind.br\/produtos\/fitas-rigidas\/#primaryimage\"},\"thumbnailUrl\":\"https:\/\/britannia.ind.br\/wp-content\/uploads\/2026\/04\/fita-gorgurao.jpg\",\"datePublished\":\"2017-05-31T22:29:59+00:00\",\"dateModified\":\"2026-04-16T18:37:55+00:00\",\"description\":\"Extremamente vers\u00e1teis, elas est\u00e3o presentes no vestu\u00e1rio, nos cal\u00e7ados, em brinquedos, cama, mesa e banho, no artesanato e na decora\u00e7\u00e3o.\",\"breadcrumb\":{\"@id\":\"https:\/\/britannia.ind.br\/produtos\/fitas-rigidas\/#breadcrumb\"},\"inLanguage\":\"en-US\",\"potentialAction\":[{\"@type\":\"ReadAction\",\"target\":[\"https:\/\/britannia.ind.br\/produtos\/fitas-rigidas\/\"]}]},{\"@type\":\"ImageObject\",\"inLanguage\":\"en-US\",\"@id\":\"https:\/\/britannia.ind.br\/produtos\/fitas-rigidas\/#primaryimage\",\"url\":\"https:\/\/britannia.ind.br\/wp-content\/uploads\/2026\/04\/fita-gorgurao.jpg\",\"contentUrl\":\"https:\/\/britannia.ind.br\/wp-content\/uploads\/2026\/04\/fita-gorgurao.jpg\",\"width\":1000,\"height\":667},{\"@type\":\"BreadcrumbList\",\"@id\":\"https:\/\/britannia.ind.br\/produtos\/fitas-rigidas\/#breadcrumb\",\"itemListElement\":[{\"@type\":\"ListItem\",\"position\":1,\"name\":\"Home\",\"item\":\"https:\/\/britannia.ind.br\/\"},{\"@type\":\"ListItem\",\"position\":2,\"name\":\"Products\",\"item\":\"https:\/\/britannia.ind.br\/en\/products\/\"},{\"@type\":\"ListItem\",\"position\":3,\"name\":\"Fitas R\u00edgidas\"}]},{\"@type\":\"WebSite\",\"@id\":\"https:\/\/britannia.ind.br\/#website\",\"url\":\"https:\/\/britannia.ind.br\/\",\"name\":\"Brit\u00e2nnia T\u00eaxtil\",\"description\":\"\",\"publisher\":{\"@id\":\"https:\/\/britannia.ind.br\/#organization\"},\"potentialAction\":[{\"@type\":\"SearchAction\",\"target\":{\"@type\":\"EntryPoint\",\"urlTemplate\":\"https:\/\/britannia.ind.br\/?s={search_term_string}\"},\"query-input\":\"required name=search_term_string\"}],\"inLanguage\":\"en-US\"},{\"@type\":\"Organization\",\"@id\":\"https:\/\/britannia.ind.br\/#organization\",\"name\":\"Britannia T\u00eaxtil\",\"url\":\"https:\/\/britannia.ind.br\/\",\"logo\":{\"@type\":\"ImageObject\",\"inLanguage\":\"en-US\",\"@id\":\"https:\/\/britannia.ind.br\/#\/schema\/logo\/image\/\",\"url\":\"https:\/\/britannia.ind.br\/wp-content\/uploads\/2023\/12\/Logo-Britannia-Textil-Fundo-Azul.jpg\",\"contentUrl\":\"https:\/\/britannia.ind.br\/wp-content\/uploads\/2023\/12\/Logo-Britannia-Textil-Fundo-Azul.jpg\",\"width\":1170,\"height\":637,\"caption\":\"Britannia T\u00eaxtil\"},\"image\":{\"@id\":\"https:\/\/britannia.ind.br\/#\/schema\/logo\/image\/\"},\"sameAs\":[\"https:\/\/www.facebook.com\/britanniatextil\",\"https:\/\/www.instagram.com\/britannia_textil\"]}]}<\/script>\n<!-- \/ Yoast SEO plugin. -->","yoast_head_json":{"title":"Fitas R\u00edgidas Britannia - fitas de cetim, fitas com pompom","description":"Extremamente vers\u00e1teis, elas est\u00e3o presentes no vestu\u00e1rio, nos cal\u00e7ados, em brinquedos, cama, mesa e banho, no artesanato e na decora\u00e7\u00e3o.","robots":{"index":"index","follow":"follow","max-snippet":"max-snippet:-1","max-image-preview":"max-image-preview:large","max-video-preview":"max-video-preview:-1"},"canonical":"https:\/\/britannia.ind.br\/produtos\/fitas-rigidas\/","og_locale":"en_US","og_type":"article","og_title":"Fitas R\u00edgidas Britannia - Fitas para todos os momentos","og_description":"Extremamente vers\u00e1teis, elas est\u00e3o presentes no vestu\u00e1rio, nos cal\u00e7ados, em brinquedos, cama, mesa e banho, no artesanato e na decora\u00e7\u00e3o.","og_url":"https:\/\/britannia.ind.br\/produtos\/fitas-rigidas\/","og_site_name":"Brit\u00e2nnia T\u00eaxtil","article_publisher":"https:\/\/www.facebook.com\/britanniatextil","article_modified_time":"2026-04-16T18:37:55+00:00","og_image":[{"width":1000,"height":667,"url":"https:\/\/britannia.ind.br\/wp-content\/uploads\/2026\/04\/fita-gorgurao.jpg","type":"image\/jpeg"}],"twitter_card":"summary_large_image","twitter_title":"Fitas R\u00edgidas Britannia - Confira nossos cat\u00e1logos","twitter_description":"Extremamente vers\u00e1teis, elas est\u00e3o presentes no vestu\u00e1rio, nos cal\u00e7ados, em brinquedos, cama, mesa e banho, no artesanato e na decora\u00e7\u00e3o.","twitter_misc":{"Est. reading time":"2 minutes"},"schema":{"@context":"https:\/\/schema.org","@graph":[{"@type":"WebPage","@id":"https:\/\/britannia.ind.br\/produtos\/fitas-rigidas\/","url":"https:\/\/britannia.ind.br\/produtos\/fitas-rigidas\/","name":"Fitas R\u00edgidas Britannia - fitas de cetim, fitas com pompom","isPartOf":{"@id":"https:\/\/britannia.ind.br\/#website"},"primaryImageOfPage":{"@id":"https:\/\/britannia.ind.br\/produtos\/fitas-rigidas\/#primaryimage"},"image":{"@id":"https:\/\/britannia.ind.br\/produtos\/fitas-rigidas\/#primaryimage"},"thumbnailUrl":"https:\/\/britannia.ind.br\/wp-content\/uploads\/2026\/04\/fita-gorgurao.jpg","datePublished":"2017-05-31T22:29:59+00:00","dateModified":"2026-04-16T18:37:55+00:00","description":"Extremamente vers\u00e1teis, elas est\u00e3o presentes no vestu\u00e1rio, nos cal\u00e7ados, em brinquedos, cama, mesa e banho, no artesanato e na decora\u00e7\u00e3o.","breadcrumb":{"@id":"https:\/\/britannia.ind.br\/produtos\/fitas-rigidas\/#breadcrumb"},"inLanguage":"en-US","potentialAction":[{"@type":"ReadAction","target":["https:\/\/britannia.ind.br\/produtos\/fitas-rigidas\/"]}]},{"@type":"ImageObject","inLanguage":"en-US","@id":"https:\/\/britannia.ind.br\/produtos\/fitas-rigidas\/#primaryimage","url":"https:\/\/britannia.ind.br\/wp-content\/uploads\/2026\/04\/fita-gorgurao.jpg","contentUrl":"https:\/\/britannia.ind.br\/wp-content\/uploads\/2026\/04\/fita-gorgurao.jpg","width":1000,"height":667},{"@type":"BreadcrumbList","@id":"https:\/\/britannia.ind.br\/produtos\/fitas-rigidas\/#breadcrumb","itemListElement":[{"@type":"ListItem","position":1,"name":"Home","item":"https:\/\/britannia.ind.br\/"},{"@type":"ListItem","position":2,"name":"Products","item":"https:\/\/britannia.ind.br\/en\/products\/"},{"@type":"ListItem","position":3,"name":"Fitas R\u00edgidas"}]},{"@type":"WebSite","@id":"https:\/\/britannia.ind.br\/#website","url":"https:\/\/britannia.ind.br\/","name":"Brit\u00e2nnia T\u00eaxtil","description":"","publisher":{"@id":"https:\/\/britannia.ind.br\/#organization"},"potentialAction":[{"@type":"SearchAction","target":{"@type":"EntryPoint","urlTemplate":"https:\/\/britannia.ind.br\/?s={search_term_string}"},"query-input":"required name=search_term_string"}],"inLanguage":"en-US"},{"@type":"Organization","@id":"https:\/\/britannia.ind.br\/#organization","name":"Britannia T\u00eaxtil","url":"https:\/\/britannia.ind.br\/","logo":{"@type":"ImageObject","inLanguage":"en-US","@id":"https:\/\/britannia.ind.br\/#\/schema\/logo\/image\/","url":"https:\/\/britannia.ind.br\/wp-content\/uploads\/2023\/12\/Logo-Britannia-Textil-Fundo-Azul.jpg","contentUrl":"https:\/\/britannia.ind.br\/wp-content\/uploads\/2023\/12\/Logo-Britannia-Textil-Fundo-Azul.jpg","width":1170,"height":637,"caption":"Britannia T\u00eaxtil"},"image":{"@id":"https:\/\/britannia.ind.br\/#\/schema\/logo\/image\/"},"sameAs":["https:\/\/www.facebook.com\/britanniatextil","https:\/\/www.instagram.com\/britannia_textil"]}]}},"_links":{"self":[{"href":"https:\/\/britannia.ind.br\/en\/wp-json\/wp\/v2\/pages\/154","targetHints":{"allow":["GET"]}}],"collection":[{"href":"https:\/\/britannia.ind.br\/en\/wp-json\/wp\/v2\/pages"}],"about":[{"href":"https:\/\/britannia.ind.br\/en\/wp-json\/wp\/v2\/types\/page"}],"author":[{"embeddable":true,"href":"https:\/\/britannia.ind.br\/en\/wp-json\/wp\/v2\/users\/2"}],"replies":[{"embeddable":true,"href":"https:\/\/britannia.ind.br\/en\/wp-json\/wp\/v2\/comments?post=154"}],"version-history":[{"count":28,"href":"https:\/\/britannia.ind.br\/en\/wp-json\/wp\/v2\/pages\/154\/revisions"}],"predecessor-version":[{"id":25929,"href":"https:\/\/britannia.ind.br\/en\/wp-json\/wp\/v2\/pages\/154\/revisions\/25929"}],"up":[{"embeddable":true,"href":"https:\/\/britannia.ind.br\/en\/wp-json\/wp\/v2\/pages\/5"}],"wp:featuredmedia":[{"embeddable":true,"href":"https:\/\/britannia.ind.br\/en\/wp-json\/wp\/v2\/media\/25883"}],"wp:attachment":[{"href":"https:\/\/britannia.ind.br\/en\/wp-json\/wp\/v2\/media?parent=154"}],"curies":[{"name":"wp","href":"https:\/\/api.w.org\/{rel}","templated":true}]}}